{"id":998,"date":"2026-03-03T22:40:30","date_gmt":"2026-03-03T21:40:30","guid":{"rendered":"https:\/\/sternadeutschland.de\/?post_type=product&#038;p=998"},"modified":"2026-04-15T11:29:54","modified_gmt":"2026-04-15T09:29:54","slug":"kolko-tylne-hizero-f500-f600","status":"publish","type":"product","link":"https:\/\/sternadeutschland.de\/pl\/sklep\/kolko-tylne-hizero-f500-f600\/","title":{"rendered":"K\u00f3\u0142ko tylne Hizero F500\/F600"},"content":{"rendered":"","protected":false},"excerpt":{"rendered":"<p class=\"p1\">K\u00f3\u0142ko tyle dedykowane do modeli F500 i F600 (1 sztuka). Zaleca si\u0119 zakup 2 sztuk do wymiany w tym samym czasie.<\/p>\n","protected":false},"featured_media":999,"template":"","meta":[],"product_brand":[],"product_cat":[54,52,20],"product_tag":[],"class_list":{"0":"post-998","1":"product","2":"type-product","3":"status-publish","4":"has-post-thumbnail","6":"product_cat-f500","7":"product_cat-f600","8":"product_cat-hizero","10":"first","11":"instock","12":"shipping-taxable","13":"purchasable","14":"product-type-simple"},"_links":{"self":[{"href":"https:\/\/sternadeutschland.de\/pl\/wp-json\/wp\/v2\/product\/998","targetHints":{"allow":["GET"]}}],"collection":[{"href":"https:\/\/sternadeutschland.de\/pl\/wp-json\/wp\/v2\/product"}],"about":[{"href":"https:\/\/sternadeutschland.de\/pl\/wp-json\/wp\/v2\/types\/product"}],"wp:featuredmedia":[{"embeddable":true,"href":"https:\/\/sternadeutschland.de\/pl\/wp-json\/wp\/v2\/media\/999"}],"wp:attachment":[{"href":"https:\/\/sternadeutschland.de\/pl\/wp-json\/wp\/v2\/media?parent=998"}],"wp:term":[{"taxonomy":"product_brand","embeddable":true,"href":"https:\/\/sternadeutschland.de\/pl\/wp-json\/wp\/v2\/product_brand?post=998"},{"taxonomy":"product_cat","embeddable":true,"href":"https:\/\/sternadeutschland.de\/pl\/wp-json\/wp\/v2\/product_cat?post=998"},{"taxonomy":"product_tag","embeddable":true,"href":"https:\/\/sternadeutschland.de\/pl\/wp-json\/wp\/v2\/product_tag?post=998"}],"curies":[{"name":"wp","href":"https:\/\/api.w.org\/{rel}","templated":true}]}}