{"id":994,"date":"2026-03-03T22:38:44","date_gmt":"2026-03-03T21:38:44","guid":{"rendered":"https:\/\/sternadeutschland.de\/?post_type=product&#038;p=994"},"modified":"2026-04-15T11:30:41","modified_gmt":"2026-04-15T09:30:41","slug":"filtr-grzebieniowy-f500","status":"publish","type":"product","link":"https:\/\/sternadeutschland.de\/pl\/sklep\/filtr-grzebieniowy-f500\/","title":{"rendered":"Filtr grzebieniowy F500"},"content":{"rendered":"","protected":false},"excerpt":{"rendered":"<p class=\"p1\">Filtr grzebieniowy filtruje zanieczyszczenia w mopie HIZERO. Filtr wystarczy regularnie wyczy\u015bci\u0107 pod bie\u017c\u0105c\u0105 wod\u0105. Pasuje do HIZERO F500<\/p>\n","protected":false},"featured_media":995,"template":"","meta":[],"product_brand":[],"product_cat":[54,20],"product_tag":[],"class_list":{"0":"post-994","1":"product","2":"type-product","3":"status-publish","4":"has-post-thumbnail","6":"product_cat-f500","7":"product_cat-hizero","9":"first","10":"instock","11":"shipping-taxable","12":"purchasable","13":"product-type-simple"},"_links":{"self":[{"href":"https:\/\/sternadeutschland.de\/pl\/wp-json\/wp\/v2\/product\/994","targetHints":{"allow":["GET"]}}],"collection":[{"href":"https:\/\/sternadeutschland.de\/pl\/wp-json\/wp\/v2\/product"}],"about":[{"href":"https:\/\/sternadeutschland.de\/pl\/wp-json\/wp\/v2\/types\/product"}],"wp:featuredmedia":[{"embeddable":true,"href":"https:\/\/sternadeutschland.de\/pl\/wp-json\/wp\/v2\/media\/995"}],"wp:attachment":[{"href":"https:\/\/sternadeutschland.de\/pl\/wp-json\/wp\/v2\/media?parent=994"}],"wp:term":[{"taxonomy":"product_brand","embeddable":true,"href":"https:\/\/sternadeutschland.de\/pl\/wp-json\/wp\/v2\/product_brand?post=994"},{"taxonomy":"product_cat","embeddable":true,"href":"https:\/\/sternadeutschland.de\/pl\/wp-json\/wp\/v2\/product_cat?post=994"},{"taxonomy":"product_tag","embeddable":true,"href":"https:\/\/sternadeutschland.de\/pl\/wp-json\/wp\/v2\/product_tag?post=994"}],"curies":[{"name":"wp","href":"https:\/\/api.w.org\/{rel}","templated":true}]}}