{"id":982,"date":"2026-03-03T22:33:23","date_gmt":"2026-03-03T21:33:23","guid":{"rendered":"https:\/\/sternadeutschland.de\/?post_type=product&#038;p=982"},"modified":"2026-04-15T11:35:35","modified_gmt":"2026-04-15T09:35:35","slug":"szczotka-czyszczaca-do-hizero-f500","status":"publish","type":"product","link":"https:\/\/sternadeutschland.de\/pl\/sklep\/szczotka-czyszczaca-do-hizero-f500\/","title":{"rendered":"Szczotka czyszcz\u0105ca do HIZERO \u2013 F500"},"content":{"rendered":"","protected":false},"excerpt":{"rendered":"<p class=\"p1\">Wa\u0142ek szczotkowy Hizero jest oryginaln\u0105 cz\u0119\u015bci\u0105 zamienn\u0105 do Hizero Bionic Hard Floor Cleaner, a zalecany okres wymiany to 12 miesi\u0119cy. Bardzo wa\u017cne jest regularne instalowanie nowego wa\u0142ka szczotkowego, aby utrzyma\u0107 skuteczno\u015b\u0107 Hizero. Aby zapewni\u0107 integralno\u015b\u0107 i wydajno\u015b\u0107 urz\u0105dzenia Hizero, zawsze u\u017cywaj oryginalnych cz\u0119\u015bci zamiennych.<\/p>\n","protected":false},"featured_media":1085,"template":"","meta":[],"product_brand":[],"product_cat":[54,20],"product_tag":[],"class_list":{"0":"post-982","1":"product","2":"type-product","3":"status-publish","4":"has-post-thumbnail","6":"product_cat-f500","7":"product_cat-hizero","9":"first","10":"instock","11":"shipping-taxable","12":"purchasable","13":"product-type-simple"},"_links":{"self":[{"href":"https:\/\/sternadeutschland.de\/pl\/wp-json\/wp\/v2\/product\/982","targetHints":{"allow":["GET"]}}],"collection":[{"href":"https:\/\/sternadeutschland.de\/pl\/wp-json\/wp\/v2\/product"}],"about":[{"href":"https:\/\/sternadeutschland.de\/pl\/wp-json\/wp\/v2\/types\/product"}],"wp:featuredmedia":[{"embeddable":true,"href":"https:\/\/sternadeutschland.de\/pl\/wp-json\/wp\/v2\/media\/1085"}],"wp:attachment":[{"href":"https:\/\/sternadeutschland.de\/pl\/wp-json\/wp\/v2\/media?parent=982"}],"wp:term":[{"taxonomy":"product_brand","embeddable":true,"href":"https:\/\/sternadeutschland.de\/pl\/wp-json\/wp\/v2\/product_brand?post=982"},{"taxonomy":"product_cat","embeddable":true,"href":"https:\/\/sternadeutschland.de\/pl\/wp-json\/wp\/v2\/product_cat?post=982"},{"taxonomy":"product_tag","embeddable":true,"href":"https:\/\/sternadeutschland.de\/pl\/wp-json\/wp\/v2\/product_tag?post=982"}],"curies":[{"name":"wp","href":"https:\/\/api.w.org\/{rel}","templated":true}]}}