{"id":980,"date":"2026-03-03T22:32:44","date_gmt":"2026-03-03T21:32:44","guid":{"rendered":"https:\/\/sternadeutschland.de\/?post_type=product&#038;p=980"},"modified":"2026-04-15T11:36:27","modified_gmt":"2026-04-15T09:36:27","slug":"zasilacz-do-hizero","status":"publish","type":"product","link":"https:\/\/sternadeutschland.de\/pl\/sklep\/zasilacz-do-hizero\/","title":{"rendered":"Zasilacz do HIZERO"},"content":{"rendered":"","protected":false},"excerpt":{"rendered":"<p class=\"p1\">\u0141adowarka do mopa HIZERO. Pasuje do modeli F803 i F500. \u0141adowarka posiada wtyczk\u0119 przeznaczon\u0105 do gniazdek stosowanych w Niemczech.<\/p>\n","protected":false},"featured_media":981,"template":"","meta":[],"product_brand":[],"product_cat":[54,20],"product_tag":[],"class_list":{"0":"post-980","1":"product","2":"type-product","3":"status-publish","4":"has-post-thumbnail","6":"product_cat-f500","7":"product_cat-hizero","9":"first","10":"instock","11":"shipping-taxable","12":"purchasable","13":"product-type-simple"},"_links":{"self":[{"href":"https:\/\/sternadeutschland.de\/pl\/wp-json\/wp\/v2\/product\/980","targetHints":{"allow":["GET"]}}],"collection":[{"href":"https:\/\/sternadeutschland.de\/pl\/wp-json\/wp\/v2\/product"}],"about":[{"href":"https:\/\/sternadeutschland.de\/pl\/wp-json\/wp\/v2\/types\/product"}],"wp:featuredmedia":[{"embeddable":true,"href":"https:\/\/sternadeutschland.de\/pl\/wp-json\/wp\/v2\/media\/981"}],"wp:attachment":[{"href":"https:\/\/sternadeutschland.de\/pl\/wp-json\/wp\/v2\/media?parent=980"}],"wp:term":[{"taxonomy":"product_brand","embeddable":true,"href":"https:\/\/sternadeutschland.de\/pl\/wp-json\/wp\/v2\/product_brand?post=980"},{"taxonomy":"product_cat","embeddable":true,"href":"https:\/\/sternadeutschland.de\/pl\/wp-json\/wp\/v2\/product_cat?post=980"},{"taxonomy":"product_tag","embeddable":true,"href":"https:\/\/sternadeutschland.de\/pl\/wp-json\/wp\/v2\/product_tag?post=980"}],"curies":[{"name":"wp","href":"https:\/\/api.w.org\/{rel}","templated":true}]}}