{"id":976,"date":"2026-03-03T22:28:24","date_gmt":"2026-03-03T21:28:24","guid":{"rendered":"https:\/\/sternadeutschland.de\/?post_type=product&#038;p=976"},"modified":"2026-04-15T11:37:55","modified_gmt":"2026-04-15T09:37:55","slug":"walek-myjacy-do-hizero-f500","status":"publish","type":"product","link":"https:\/\/sternadeutschland.de\/pl\/sklep\/walek-myjacy-do-hizero-f500\/","title":{"rendered":"Wa\u0142ek myj\u0105cy do HIZERO \u2013 F500"},"content":{"rendered":"","protected":false},"excerpt":{"rendered":"<p class=\"p1\">Nasz specjalnie opracowany wa\u0142ek czyszcz\u0105cy\u00a0\u00a0zbiera wszystkie rodzaje odpad\u00f3w bez zarysowania pod\u0142ogi i pozostawienia na niej nieprzyjemnego zapachu.<\/p>\n<p class=\"p1\">Wa\u0142ek jest dostarczany wst\u0119pnie nas\u0105czony specjalnym p\u0142ynem. Mimo to przed pierwszym u\u017cyciem nale\u017cy namoczy\u0107 go w zimnej wodzie, ok. 5 min lekko ugniataj\u0105c, po czym wycisn\u0105\u0107 nadmiar wody.<\/p>\n","protected":false},"featured_media":977,"template":"","meta":[],"product_brand":[],"product_cat":[54,20],"product_tag":[],"class_list":{"0":"post-976","1":"product","2":"type-product","3":"status-publish","4":"has-post-thumbnail","6":"product_cat-f500","7":"product_cat-hizero","9":"first","10":"instock","11":"shipping-taxable","12":"purchasable","13":"product-type-simple"},"_links":{"self":[{"href":"https:\/\/sternadeutschland.de\/pl\/wp-json\/wp\/v2\/product\/976","targetHints":{"allow":["GET"]}}],"collection":[{"href":"https:\/\/sternadeutschland.de\/pl\/wp-json\/wp\/v2\/product"}],"about":[{"href":"https:\/\/sternadeutschland.de\/pl\/wp-json\/wp\/v2\/types\/product"}],"wp:featuredmedia":[{"embeddable":true,"href":"https:\/\/sternadeutschland.de\/pl\/wp-json\/wp\/v2\/media\/977"}],"wp:attachment":[{"href":"https:\/\/sternadeutschland.de\/pl\/wp-json\/wp\/v2\/media?parent=976"}],"wp:term":[{"taxonomy":"product_brand","embeddable":true,"href":"https:\/\/sternadeutschland.de\/pl\/wp-json\/wp\/v2\/product_brand?post=976"},{"taxonomy":"product_cat","embeddable":true,"href":"https:\/\/sternadeutschland.de\/pl\/wp-json\/wp\/v2\/product_cat?post=976"},{"taxonomy":"product_tag","embeddable":true,"href":"https:\/\/sternadeutschland.de\/pl\/wp-json\/wp\/v2\/product_tag?post=976"}],"curies":[{"name":"wp","href":"https:\/\/api.w.org\/{rel}","templated":true}]}}