{"id":538,"date":"2025-12-14T11:41:20","date_gmt":"2025-12-14T10:41:20","guid":{"rendered":"https:\/\/sternadeutschland.de\/?post_type=product&#038;p=538"},"modified":"2026-04-24T09:19:53","modified_gmt":"2026-04-24T07:19:53","slug":"urzadz-wielof-hizero-all-in-one-bionic-floor-cleaner-f600","status":"publish","type":"product","link":"https:\/\/sternadeutschland.de\/pl\/sklep\/urzadz-wielof-hizero-all-in-one-bionic-floor-cleaner-f600\/","title":{"rendered":"Urz\u0105dz. Wielof. HIZERO All in One Bionic Floor Cleaner F600"},"content":{"rendered":"","protected":false},"excerpt":{"rendered":"<p>HIZERO All in One Bionic Mop F600 to zaawansowane urz\u0105dzenie czyszcz\u0105co-myj\u0105ce, kt\u00f3re jednocze\u015bnie zamiata, myje, wyciera oraz automatycznie si\u0119 czy\u015bci. Dzi\u0119ki innowacyjnej technologii bionicznej gwarantuje higieniczn\u0105 czysto\u015b\u0107.<\/p>\n","protected":false},"featured_media":539,"template":"","meta":[],"product_brand":[],"product_cat":[52,20],"product_tag":[],"class_list":{"0":"post-538","1":"product","2":"type-product","3":"status-publish","4":"has-post-thumbnail","6":"product_cat-f600","7":"product_cat-hizero","9":"first","10":"instock","11":"shipping-taxable","12":"purchasable","13":"product-type-simple"},"_links":{"self":[{"href":"https:\/\/sternadeutschland.de\/pl\/wp-json\/wp\/v2\/product\/538","targetHints":{"allow":["GET"]}}],"collection":[{"href":"https:\/\/sternadeutschland.de\/pl\/wp-json\/wp\/v2\/product"}],"about":[{"href":"https:\/\/sternadeutschland.de\/pl\/wp-json\/wp\/v2\/types\/product"}],"wp:featuredmedia":[{"embeddable":true,"href":"https:\/\/sternadeutschland.de\/pl\/wp-json\/wp\/v2\/media\/539"}],"wp:attachment":[{"href":"https:\/\/sternadeutschland.de\/pl\/wp-json\/wp\/v2\/media?parent=538"}],"wp:term":[{"taxonomy":"product_brand","embeddable":true,"href":"https:\/\/sternadeutschland.de\/pl\/wp-json\/wp\/v2\/product_brand?post=538"},{"taxonomy":"product_cat","embeddable":true,"href":"https:\/\/sternadeutschland.de\/pl\/wp-json\/wp\/v2\/product_cat?post=538"},{"taxonomy":"product_tag","embeddable":true,"href":"https:\/\/sternadeutschland.de\/pl\/wp-json\/wp\/v2\/product_tag?post=538"}],"curies":[{"name":"wp","href":"https:\/\/api.w.org\/{rel}","templated":true}]}}