{"id":308,"date":"2025-12-04T20:38:47","date_gmt":"2025-12-04T19:38:47","guid":{"rendered":"https:\/\/sternadeutschland.de\/?post_type=product&#038;p=308"},"modified":"2026-04-20T11:50:51","modified_gmt":"2026-04-20T09:50:51","slug":"plyn-do-mycia-podlog-hizero","status":"publish","type":"product","link":"https:\/\/sternadeutschland.de\/pl\/sklep\/plyn-do-mycia-podlog-hizero\/","title":{"rendered":"P\u0142yn do mycia pod\u0142\u00f3g HIZERO"},"content":{"rendered":"","protected":false},"excerpt":{"rendered":"<p>P\u0142yn do czyszczenia powierzchni, dedykowany do mopo\u0301w HIZERO. P\u0142yn charakteryzuje sie\u0328 doskona\u0142a\u0328 wydajnos\u0301cia\u0328 oraz specjalna\u0328 nisko pienia\u0328ca\u0328 konsystencja\u0328. Dzie\u0328ki czemu czyszczenie powierzchni jest jeszcze \u0142atwiejsze i przyjemniejsze, pod\u0142ogi nabieraja\u0328 blasku, na d\u0142ugo zachowuja\u0328c czystos\u0301c\u0301 i s\u0301wiez\u0307os\u0301c\u0301. P\u0142yn uz\u0307ywamy ro\u0301wniez\u0307 do samoczyszczenia mopa HIZERO, zapewnia on s\u0301wiez\u0307os\u0301c\u0301 i dezynfekcje\u0328 wa\u0142ka myja\u0328cego. Pojemnos\u0301c\u0301: 1 l<\/p>\n","protected":false},"featured_media":317,"template":"","meta":[],"product_brand":[],"product_cat":[54,52,20],"product_tag":[],"class_list":{"0":"post-308","1":"product","2":"type-product","3":"status-publish","4":"has-post-thumbnail","6":"product_cat-f500","7":"product_cat-f600","8":"product_cat-hizero","10":"first","11":"instock","12":"shipping-taxable","13":"purchasable","14":"product-type-simple"},"_links":{"self":[{"href":"https:\/\/sternadeutschland.de\/pl\/wp-json\/wp\/v2\/product\/308","targetHints":{"allow":["GET"]}}],"collection":[{"href":"https:\/\/sternadeutschland.de\/pl\/wp-json\/wp\/v2\/product"}],"about":[{"href":"https:\/\/sternadeutschland.de\/pl\/wp-json\/wp\/v2\/types\/product"}],"wp:featuredmedia":[{"embeddable":true,"href":"https:\/\/sternadeutschland.de\/pl\/wp-json\/wp\/v2\/media\/317"}],"wp:attachment":[{"href":"https:\/\/sternadeutschland.de\/pl\/wp-json\/wp\/v2\/media?parent=308"}],"wp:term":[{"taxonomy":"product_brand","embeddable":true,"href":"https:\/\/sternadeutschland.de\/pl\/wp-json\/wp\/v2\/product_brand?post=308"},{"taxonomy":"product_cat","embeddable":true,"href":"https:\/\/sternadeutschland.de\/pl\/wp-json\/wp\/v2\/product_cat?post=308"},{"taxonomy":"product_tag","embeddable":true,"href":"https:\/\/sternadeutschland.de\/pl\/wp-json\/wp\/v2\/product_tag?post=308"}],"curies":[{"name":"wp","href":"https:\/\/api.w.org\/{rel}","templated":true}]}}