{"id":300,"date":"2025-12-04T20:35:17","date_gmt":"2025-12-04T19:35:17","guid":{"rendered":"https:\/\/sternadeutschland.de\/?post_type=product&#038;p=300"},"modified":"2026-04-15T11:44:01","modified_gmt":"2026-04-15T09:44:01","slug":"szczotka-czyszczaca-do-hizero-f600","status":"publish","type":"product","link":"https:\/\/sternadeutschland.de\/pl\/sklep\/szczotka-czyszczaca-do-hizero-f600\/","title":{"rendered":"Szczotka czyszcz\u0105ca do HIZERO F600"},"content":{"rendered":"","protected":false},"excerpt":{"rendered":"<p>Szczotka do Hizero F600 zmiata zabrudzenia z wa\u0142ka polimerowego, kto\u0301ry zbiera brud i kurz z pod\u0142ogi. Dzie\u0328ki temu wa\u0142ek dzia\u0142a sprawnie i skutecznie, a pod\u0142oga pozostaje czysta. Regularna wymiana szczotki zapewnia optymalna\u0328 efektywnos\u0301c\u0301 urza\u0328dzenia i u\u0142atwia konserwacje\u0328. Zalecamy wymiane\u0328 co oko\u0142o 12 miesie\u0328cy.<\/p>\n","protected":false},"featured_media":313,"template":"","meta":[],"product_brand":[],"product_cat":[52,20],"product_tag":[],"class_list":{"0":"post-300","1":"product","2":"type-product","3":"status-publish","4":"has-post-thumbnail","6":"product_cat-f600","7":"product_cat-hizero","9":"first","10":"instock","11":"shipping-taxable","12":"purchasable","13":"product-type-simple"},"_links":{"self":[{"href":"https:\/\/sternadeutschland.de\/pl\/wp-json\/wp\/v2\/product\/300","targetHints":{"allow":["GET"]}}],"collection":[{"href":"https:\/\/sternadeutschland.de\/pl\/wp-json\/wp\/v2\/product"}],"about":[{"href":"https:\/\/sternadeutschland.de\/pl\/wp-json\/wp\/v2\/types\/product"}],"wp:featuredmedia":[{"embeddable":true,"href":"https:\/\/sternadeutschland.de\/pl\/wp-json\/wp\/v2\/media\/313"}],"wp:attachment":[{"href":"https:\/\/sternadeutschland.de\/pl\/wp-json\/wp\/v2\/media?parent=300"}],"wp:term":[{"taxonomy":"product_brand","embeddable":true,"href":"https:\/\/sternadeutschland.de\/pl\/wp-json\/wp\/v2\/product_brand?post=300"},{"taxonomy":"product_cat","embeddable":true,"href":"https:\/\/sternadeutschland.de\/pl\/wp-json\/wp\/v2\/product_cat?post=300"},{"taxonomy":"product_tag","embeddable":true,"href":"https:\/\/sternadeutschland.de\/pl\/wp-json\/wp\/v2\/product_tag?post=300"}],"curies":[{"name":"wp","href":"https:\/\/api.w.org\/{rel}","templated":true}]}}