{"id":284,"date":"2025-12-02T20:15:04","date_gmt":"2025-12-02T19:15:04","guid":{"rendered":"https:\/\/sternadeutschland.de\/?post_type=product&#038;p=284"},"modified":"2026-04-15T11:46:39","modified_gmt":"2026-04-15T09:46:39","slug":"pojemnik-na-brudna-wode-do-hizero-f600","status":"publish","type":"product","link":"https:\/\/sternadeutschland.de\/pl\/sklep\/pojemnik-na-brudna-wode-do-hizero-f600\/","title":{"rendered":"Pojemnik na brudn\u0105 wod\u0119 do HIZERO F600"},"content":{"rendered":"","protected":false},"excerpt":{"rendered":"<div class=\"page\" title=\"Page 3\">\n<div class=\"layoutArea\">\n<div class=\"column\">\n<p>Kompletny pojemnik na brudna\u0328 wode\u0328 do Hizero F600 to gotowy do montaz\u0307u element odpowiedzialny za gromadzenie zuz\u0307ytej podczas pracy urza\u0328dzenia. Zawiera wszystkie niezbe\u0328dne cze\u0328s\u0301ci, dzie\u0328ki czemu jego wymiana jest szybka i bezproblemowa. Solidna konstrukcja zapewnia szczelnos\u0301c\u0301 i prawid\u0142owy przep\u0142yw wody, a odpowiednie dopasowanie gwarantuje pe\u0142na\u0328 kompatybilnos\u0301c\u0301 z modelem F600.<\/p>\n<\/div>\n<\/div>\n<\/div>\n","protected":false},"featured_media":288,"template":"","meta":[],"product_brand":[],"product_cat":[52,20],"product_tag":[],"class_list":{"0":"post-284","1":"product","2":"type-product","3":"status-publish","4":"has-post-thumbnail","6":"product_cat-f600","7":"product_cat-hizero","9":"first","10":"instock","11":"shipping-taxable","12":"purchasable","13":"product-type-simple"},"_links":{"self":[{"href":"https:\/\/sternadeutschland.de\/pl\/wp-json\/wp\/v2\/product\/284","targetHints":{"allow":["GET"]}}],"collection":[{"href":"https:\/\/sternadeutschland.de\/pl\/wp-json\/wp\/v2\/product"}],"about":[{"href":"https:\/\/sternadeutschland.de\/pl\/wp-json\/wp\/v2\/types\/product"}],"wp:featuredmedia":[{"embeddable":true,"href":"https:\/\/sternadeutschland.de\/pl\/wp-json\/wp\/v2\/media\/288"}],"wp:attachment":[{"href":"https:\/\/sternadeutschland.de\/pl\/wp-json\/wp\/v2\/media?parent=284"}],"wp:term":[{"taxonomy":"product_brand","embeddable":true,"href":"https:\/\/sternadeutschland.de\/pl\/wp-json\/wp\/v2\/product_brand?post=284"},{"taxonomy":"product_cat","embeddable":true,"href":"https:\/\/sternadeutschland.de\/pl\/wp-json\/wp\/v2\/product_cat?post=284"},{"taxonomy":"product_tag","embeddable":true,"href":"https:\/\/sternadeutschland.de\/pl\/wp-json\/wp\/v2\/product_tag?post=284"}],"curies":[{"name":"wp","href":"https:\/\/api.w.org\/{rel}","templated":true}]}}