{"id":1174,"date":"2026-04-13T10:52:36","date_gmt":"2026-04-13T08:52:36","guid":{"rendered":"https:\/\/sternadeutschland.de\/?post_type=product&#038;p=1174"},"modified":"2026-04-15T11:27:48","modified_gmt":"2026-04-15T09:27:48","slug":"ring-do-czyszczenia-szczotki-f600","status":"publish","type":"product","link":"https:\/\/sternadeutschland.de\/pl\/sklep\/ring-do-czyszczenia-szczotki-f600\/","title":{"rendered":"Ring do czyszczenia szczotki F600"},"content":{"rendered":"","protected":false},"excerpt":{"rendered":"<p class=\"p1\">Narz\u0119dzie do czyszczenia szczotki. To narz\u0105dzenie idealnie sprawdzi si\u0119 przy czyszczeniu szczotki Hizero do modelu F600<\/p>\n","protected":false},"featured_media":1084,"template":"","meta":[],"product_brand":[],"product_cat":[52,20],"product_tag":[],"class_list":{"0":"post-1174","1":"product","2":"type-product","3":"status-publish","4":"has-post-thumbnail","6":"product_cat-f600","7":"product_cat-hizero","9":"first","10":"instock","11":"shipping-taxable","12":"purchasable","13":"product-type-simple"},"_links":{"self":[{"href":"https:\/\/sternadeutschland.de\/pl\/wp-json\/wp\/v2\/product\/1174","targetHints":{"allow":["GET"]}}],"collection":[{"href":"https:\/\/sternadeutschland.de\/pl\/wp-json\/wp\/v2\/product"}],"about":[{"href":"https:\/\/sternadeutschland.de\/pl\/wp-json\/wp\/v2\/types\/product"}],"wp:featuredmedia":[{"embeddable":true,"href":"https:\/\/sternadeutschland.de\/pl\/wp-json\/wp\/v2\/media\/1084"}],"wp:attachment":[{"href":"https:\/\/sternadeutschland.de\/pl\/wp-json\/wp\/v2\/media?parent=1174"}],"wp:term":[{"taxonomy":"product_brand","embeddable":true,"href":"https:\/\/sternadeutschland.de\/pl\/wp-json\/wp\/v2\/product_brand?post=1174"},{"taxonomy":"product_cat","embeddable":true,"href":"https:\/\/sternadeutschland.de\/pl\/wp-json\/wp\/v2\/product_cat?post=1174"},{"taxonomy":"product_tag","embeddable":true,"href":"https:\/\/sternadeutschland.de\/pl\/wp-json\/wp\/v2\/product_tag?post=1174"}],"curies":[{"name":"wp","href":"https:\/\/api.w.org\/{rel}","templated":true}]}}