{"id":1002,"date":"2026-03-03T22:41:59","date_gmt":"2026-03-03T21:41:59","guid":{"rendered":"https:\/\/sternadeutschland.de\/?post_type=product&#038;p=1002"},"modified":"2026-04-15T11:28:40","modified_gmt":"2026-04-15T09:28:40","slug":"bolczyk-do-kolek-gruby-f500-f600","status":"publish","type":"product","link":"https:\/\/sternadeutschland.de\/pl\/sklep\/bolczyk-do-kolek-gruby-f500-f600\/","title":{"rendered":"Bolczyk do k\u00f3\u0142ek gruby F500\/F600"},"content":{"rendered":"","protected":false},"excerpt":{"rendered":"<p class=\"p1\">Bolczyk do k\u00f3\u0142ka tylnego w modelu F500 i F600 (1 sztuka). Element odpowiadaj\u0105cy za prawid\u0142owe mocowanie k\u00f3\u0142ka w urz\u0105dzeniu.<\/p>\n","protected":false},"featured_media":1003,"template":"","meta":[],"product_brand":[],"product_cat":[54,52,20],"product_tag":[],"class_list":{"0":"post-1002","1":"product","2":"type-product","3":"status-publish","4":"has-post-thumbnail","6":"product_cat-f500","7":"product_cat-f600","8":"product_cat-hizero","10":"first","11":"instock","12":"shipping-taxable","13":"purchasable","14":"product-type-simple"},"_links":{"self":[{"href":"https:\/\/sternadeutschland.de\/pl\/wp-json\/wp\/v2\/product\/1002","targetHints":{"allow":["GET"]}}],"collection":[{"href":"https:\/\/sternadeutschland.de\/pl\/wp-json\/wp\/v2\/product"}],"about":[{"href":"https:\/\/sternadeutschland.de\/pl\/wp-json\/wp\/v2\/types\/product"}],"wp:featuredmedia":[{"embeddable":true,"href":"https:\/\/sternadeutschland.de\/pl\/wp-json\/wp\/v2\/media\/1003"}],"wp:attachment":[{"href":"https:\/\/sternadeutschland.de\/pl\/wp-json\/wp\/v2\/media?parent=1002"}],"wp:term":[{"taxonomy":"product_brand","embeddable":true,"href":"https:\/\/sternadeutschland.de\/pl\/wp-json\/wp\/v2\/product_brand?post=1002"},{"taxonomy":"product_cat","embeddable":true,"href":"https:\/\/sternadeutschland.de\/pl\/wp-json\/wp\/v2\/product_cat?post=1002"},{"taxonomy":"product_tag","embeddable":true,"href":"https:\/\/sternadeutschland.de\/pl\/wp-json\/wp\/v2\/product_tag?post=1002"}],"curies":[{"name":"wp","href":"https:\/\/api.w.org\/{rel}","templated":true}]}}