{"id":8,"date":"2025-11-09T14:58:50","date_gmt":"2025-11-09T13:58:50","guid":{"rendered":"https:\/\/sternadeutschland.de\/koszyk\/"},"modified":"2025-12-01T19:08:01","modified_gmt":"2025-12-01T18:08:01","slug":"koszyk","status":"publish","type":"page","link":"https:\/\/sternadeutschland.de\/pl\/koszyk\/","title":{"rendered":"Koszyk"},"content":{"rendered":"\n<div data-block-name=\"woocommerce\/cart\" class=\"wp-block-woocommerce-cart alignwide is-loading\">\n<div data-block-name=\"woocommerce\/filled-cart-block\" class=\"wp-block-woocommerce-filled-cart-block\">\n<div data-block-name=\"woocommerce\/cart-items-block\" class=\"wp-block-woocommerce-cart-items-block\">\n<div data-block-name=\"woocommerce\/cart-line-items-block\" class=\"wp-block-woocommerce-cart-line-items-block\"><\/div>\n\n\n<\/div>\n\n\n\n\n<div data-block-name=\"woocommerce\/cart-totals-block\" class=\"wp-block-woocommerce-cart-totals-block\">\n<div data-block-name=\"woocommerce\/cart-order-summary-block\" class=\"wp-block-woocommerce-cart-order-summary-block\">\n<div data-block-name=\"woocommerce\/cart-order-summary-heading-block\" class=\"wp-block-woocommerce-cart-order-summary-heading-block\"><\/div><div data-block-name=\"woocommerce\/cart-order-summary-coupon-form-block\" class=\"wp-block-woocommerce-cart-order-summary-coupon-form-block\"><\/div><div data-block-name=\"woocommerce\/cart-order-summary-totals-block\" class=\"wp-block-woocommerce-cart-order-summary-totals-block\">\n<div data-block-name=\"woocommerce\/cart-order-summary-subtotal-block\" class=\"wp-block-woocommerce-cart-order-summary-subtotal-block\"><\/div>\n<div data-block-name=\"woocommerce\/cart-order-summary-discount-block\" class=\"wp-block-woocommerce-cart-order-summary-discount-block\"><\/div>\n<div data-block-name=\"woocommerce\/cart-order-summary-fee-block\" class=\"wp-block-woocommerce-cart-order-summary-fee-block\"><\/div>\n<div data-block-name=\"woocommerce\/cart-order-summary-shipping-block\" class=\"wp-block-woocommerce-cart-order-summary-shipping-block\"><\/div>\n<div data-block-name=\"woocommerce\/cart-order-summary-taxes-block\" class=\"wp-block-woocommerce-cart-order-summary-taxes-block\"><\/div><\/div>\n<\/div>\n\n\n\n<div data-block-name=\"woocommerce-paypal-payments\/cart-paylater-messages\" data-pp-placement=\"cart\" data-pp-style-layout=\"text\" data-pp-style-logo-position=\"left\" data-pp-style-logo-type=\"inline\" data-pp-style-text-color=\"black\" data-pp-style-text-size=\"12\" id=\"ppcp-cart-paylater-messages\" class=\"ppcp-messages\" data-partner-attribution-id=\"WooPPCP_Ecom_PS_CoreProfiler\"><\/div><div data-block-name=\"woocommerce\/cart-express-payment-block\" class=\"wp-block-woocommerce-cart-express-payment-block\"><\/div>\n\n\n\n<div data-block-name=\"woocommerce\/proceed-to-checkout-block\" class=\"wp-block-woocommerce-proceed-to-checkout-block\"><\/div>\n\n\n\n<div data-block-name=\"woocommerce\/cart-accepted-payment-methods-block\" class=\"wp-block-woocommerce-cart-accepted-payment-methods-block\"><\/div>\n<\/div>\n<\/div>\n\n\n\n<div data-block-name=\"woocommerce\/empty-cart-block\" class=\"wp-block-woocommerce-empty-cart-block\">\n<h2 class=\"wp-block-heading has-text-align-center with-empty-cart-icon wc-block-cart__empty-cart__title\">Tw\u00f3j koszyk jest obecnie pusty!<\/h2>\n\n\n\n<hr class=\"wp-block-separator has-alpha-channel-opacity is-style-dots\"\/>\n\n\n\n<h2 class=\"wp-block-heading has-text-align-center\">Nowe w sklepie<\/h2>\n\n\n<div data-block-name=\"woocommerce\/product-new\" data-columns=\"4\" data-rows=\"1\" class=\"wc-block-grid wp-block-product-new wp-block-woocommerce-product-new wc-block-product-new has-4-columns\"><ul class=\"wc-block-grid__products\"><li class=\"wc-block-grid__product\">\n\t\t\t\t<a href=\"https:\/\/sternadeutschland.de\/pl\/sklep\/pedzelek-f500-f600\/\" class=\"wc-block-grid__product-link\">\n\t\t\t\t\t\n\t\t\t\t\t<div class=\"wc-block-grid__product-image\"><img loading=\"lazy\" decoding=\"async\" width=\"300\" height=\"300\" src=\"https:\/\/sternadeutschland.de\/wp-content\/uploads\/2026\/04\/Pedzelek-300x300.png\" class=\"attachment-woocommerce_thumbnail size-woocommerce_thumbnail\" alt=\"P\u0119dzelek F500\/F600\" srcset=\"https:\/\/sternadeutschland.de\/wp-content\/uploads\/2026\/04\/Pedzelek-300x300.png 300w, https:\/\/sternadeutschland.de\/wp-content\/uploads\/2026\/04\/Pedzelek-150x150.png 150w, https:\/\/sternadeutschland.de\/wp-content\/uploads\/2026\/04\/Pedzelek-570x570.png 570w, https:\/\/sternadeutschland.de\/wp-content\/uploads\/2026\/04\/Pedzelek-500x500.png 500w, https:\/\/sternadeutschland.de\/wp-content\/uploads\/2026\/04\/Pedzelek-700x700.png 700w, https:\/\/sternadeutschland.de\/wp-content\/uploads\/2026\/04\/Pedzelek-600x600.png 600w, https:\/\/sternadeutschland.de\/wp-content\/uploads\/2026\/04\/Pedzelek-100x100.png 100w, https:\/\/sternadeutschland.de\/wp-content\/uploads\/2026\/04\/Pedzelek.png 768w\" sizes=\"auto, (max-width: 300px) 100vw, 300px\" \/><\/div>\n\t\t\t\t\t<div class=\"wc-block-grid__product-title\">P\u0119dzelek F500\/F600<\/div>\n\t\t\t\t<\/a>\n\t\t\t\t<div class=\"wc-block-grid__product-price price\"><span class=\"woocommerce-Price-amount amount\">2,50&nbsp;<span class=\"woocommerce-Price-currencySymbol\">&euro;<\/span><\/span><\/div>\n\t\t\t\t\n\t\t\t\t<div class=\"wp-block-button wc-block-grid__product-add-to-cart\"><a href=\"\/pl\/wp-json\/wp\/v2\/pages\/8?add-to-cart=1176\" aria-label=\"Dodaj do koszyka: &bdquo;P\u0119dzelek F500\/F600&rdquo;\" data-quantity=\"1\" data-product_id=\"1176\" data-product_sku=\"\" data-price=\"2.5\" rel=\"nofollow\" class=\"wp-block-button__link  add_to_cart_button ajax_add_to_cart\">Dodaj do koszyka<\/a><\/div>\n\t\t\t<\/li><li class=\"wc-block-grid__product\">\n\t\t\t\t<a href=\"https:\/\/sternadeutschland.de\/pl\/sklep\/ring-do-czyszczenia-szczotki-f600\/\" class=\"wc-block-grid__product-link\">\n\t\t\t\t\t\n\t\t\t\t\t<div class=\"wc-block-grid__product-image\"><img loading=\"lazy\" decoding=\"async\" width=\"300\" height=\"300\" src=\"https:\/\/sternadeutschland.de\/wp-content\/uploads\/2026\/03\/Ring-do-czyszczenia-szczotki-F500-300x300.png\" class=\"attachment-woocommerce_thumbnail size-woocommerce_thumbnail\" alt=\"Ring do czyszczenia szczotki F600\" srcset=\"https:\/\/sternadeutschland.de\/wp-content\/uploads\/2026\/03\/Ring-do-czyszczenia-szczotki-F500-300x300.png 300w, https:\/\/sternadeutschland.de\/wp-content\/uploads\/2026\/03\/Ring-do-czyszczenia-szczotki-F500-150x150.png 150w, https:\/\/sternadeutschland.de\/wp-content\/uploads\/2026\/03\/Ring-do-czyszczenia-szczotki-F500-768x768.png 768w, https:\/\/sternadeutschland.de\/wp-content\/uploads\/2026\/03\/Ring-do-czyszczenia-szczotki-F500-570x570.png 570w, https:\/\/sternadeutschland.de\/wp-content\/uploads\/2026\/03\/Ring-do-czyszczenia-szczotki-F500-500x500.png 500w, https:\/\/sternadeutschland.de\/wp-content\/uploads\/2026\/03\/Ring-do-czyszczenia-szczotki-F500-700x700.png 700w, https:\/\/sternadeutschland.de\/wp-content\/uploads\/2026\/03\/Ring-do-czyszczenia-szczotki-F500-600x600.png 600w, https:\/\/sternadeutschland.de\/wp-content\/uploads\/2026\/03\/Ring-do-czyszczenia-szczotki-F500-100x100.png 100w, https:\/\/sternadeutschland.de\/wp-content\/uploads\/2026\/03\/Ring-do-czyszczenia-szczotki-F500.png 800w\" sizes=\"auto, (max-width: 300px) 100vw, 300px\" \/><\/div>\n\t\t\t\t\t<div class=\"wc-block-grid__product-title\">Ring do czyszczenia szczotki F600<\/div>\n\t\t\t\t<\/a>\n\t\t\t\t<div class=\"wc-block-grid__product-price price\"><span class=\"woocommerce-Price-amount amount\">14,00&nbsp;<span class=\"woocommerce-Price-currencySymbol\">&euro;<\/span><\/span><\/div>\n\t\t\t\t\n\t\t\t\t<div class=\"wp-block-button wc-block-grid__product-add-to-cart\"><a href=\"\/pl\/wp-json\/wp\/v2\/pages\/8?add-to-cart=1174\" aria-label=\"Dodaj do koszyka: &bdquo;Ring do czyszczenia szczotki F600&rdquo;\" data-quantity=\"1\" data-product_id=\"1174\" data-product_sku=\"\" data-price=\"14\" rel=\"nofollow\" class=\"wp-block-button__link  add_to_cart_button ajax_add_to_cart\">Dodaj do koszyka<\/a><\/div>\n\t\t\t<\/li><li class=\"wc-block-grid__product\">\n\t\t\t\t<a href=\"https:\/\/sternadeutschland.de\/pl\/sklep\/bolczyk-do-kolek-gruby-f500-f600\/\" class=\"wc-block-grid__product-link\">\n\t\t\t\t\t\n\t\t\t\t\t<div class=\"wc-block-grid__product-image\"><img loading=\"lazy\" decoding=\"async\" width=\"300\" height=\"300\" src=\"https:\/\/sternadeutschland.de\/wp-content\/uploads\/2026\/03\/Bolczyk-do-kolek-gruby-1-1-300x300.jpg\" class=\"attachment-woocommerce_thumbnail size-woocommerce_thumbnail\" alt=\"Bolczyk do k\u00f3\u0142ek gruby F500\/F600\" srcset=\"https:\/\/sternadeutschland.de\/wp-content\/uploads\/2026\/03\/Bolczyk-do-kolek-gruby-1-1-300x300.jpg 300w, https:\/\/sternadeutschland.de\/wp-content\/uploads\/2026\/03\/Bolczyk-do-kolek-gruby-1-1-1024x1024.jpg 1024w, https:\/\/sternadeutschland.de\/wp-content\/uploads\/2026\/03\/Bolczyk-do-kolek-gruby-1-1-150x150.jpg 150w, https:\/\/sternadeutschland.de\/wp-content\/uploads\/2026\/03\/Bolczyk-do-kolek-gruby-1-1-768x768.jpg 768w, https:\/\/sternadeutschland.de\/wp-content\/uploads\/2026\/03\/Bolczyk-do-kolek-gruby-1-1-1536x1536.jpg 1536w, https:\/\/sternadeutschland.de\/wp-content\/uploads\/2026\/03\/Bolczyk-do-kolek-gruby-1-1-2048x2048.jpg 2048w, https:\/\/sternadeutschland.de\/wp-content\/uploads\/2026\/03\/Bolczyk-do-kolek-gruby-1-1-570x570.jpg 570w, https:\/\/sternadeutschland.de\/wp-content\/uploads\/2026\/03\/Bolczyk-do-kolek-gruby-1-1-500x500.jpg 500w, https:\/\/sternadeutschland.de\/wp-content\/uploads\/2026\/03\/Bolczyk-do-kolek-gruby-1-1-1000x1000.jpg 1000w, https:\/\/sternadeutschland.de\/wp-content\/uploads\/2026\/03\/Bolczyk-do-kolek-gruby-1-1-700x700.jpg 700w, https:\/\/sternadeutschland.de\/wp-content\/uploads\/2026\/03\/Bolczyk-do-kolek-gruby-1-1-600x600.jpg 600w, https:\/\/sternadeutschland.de\/wp-content\/uploads\/2026\/03\/Bolczyk-do-kolek-gruby-1-1-100x100.jpg 100w\" sizes=\"auto, (max-width: 300px) 100vw, 300px\" \/><\/div>\n\t\t\t\t\t<div class=\"wc-block-grid__product-title\">Bolczyk do k\u00f3\u0142ek gruby F500\/F600<\/div>\n\t\t\t\t<\/a>\n\t\t\t\t<div class=\"wc-block-grid__product-price price\"><span class=\"woocommerce-Price-amount amount\">1,00&nbsp;<span class=\"woocommerce-Price-currencySymbol\">&euro;<\/span><\/span><\/div>\n\t\t\t\t\n\t\t\t\t<div class=\"wp-block-button wc-block-grid__product-add-to-cart\"><a href=\"\/pl\/wp-json\/wp\/v2\/pages\/8?add-to-cart=1002\" aria-label=\"Dodaj do koszyka: &bdquo;Bolczyk do k\u00f3\u0142ek gruby F500\/F600&rdquo;\" data-quantity=\"1\" data-product_id=\"1002\" data-product_sku=\"\" data-price=\"1\" rel=\"nofollow\" class=\"wp-block-button__link  add_to_cart_button ajax_add_to_cart\">Dodaj do koszyka<\/a><\/div>\n\t\t\t<\/li><li class=\"wc-block-grid__product\">\n\t\t\t\t<a href=\"https:\/\/sternadeutschland.de\/pl\/sklep\/bolczyk-do-kolek-cienki-f500-f600\/\" class=\"wc-block-grid__product-link\">\n\t\t\t\t\t\n\t\t\t\t\t<div class=\"wc-block-grid__product-image\"><img loading=\"lazy\" decoding=\"async\" width=\"300\" height=\"300\" src=\"https:\/\/sternadeutschland.de\/wp-content\/uploads\/2026\/03\/Bolczyk-do-kolek-cienki-1-300x300.jpg\" class=\"attachment-woocommerce_thumbnail size-woocommerce_thumbnail\" alt=\"Bolczyk do k\u00f3\u0142ek cienki F500\/F600\" srcset=\"https:\/\/sternadeutschland.de\/wp-content\/uploads\/2026\/03\/Bolczyk-do-kolek-cienki-1-300x300.jpg 300w, https:\/\/sternadeutschland.de\/wp-content\/uploads\/2026\/03\/Bolczyk-do-kolek-cienki-1-1024x1024.jpg 1024w, https:\/\/sternadeutschland.de\/wp-content\/uploads\/2026\/03\/Bolczyk-do-kolek-cienki-1-150x150.jpg 150w, https:\/\/sternadeutschland.de\/wp-content\/uploads\/2026\/03\/Bolczyk-do-kolek-cienki-1-768x768.jpg 768w, https:\/\/sternadeutschland.de\/wp-content\/uploads\/2026\/03\/Bolczyk-do-kolek-cienki-1-1536x1536.jpg 1536w, https:\/\/sternadeutschland.de\/wp-content\/uploads\/2026\/03\/Bolczyk-do-kolek-cienki-1-2048x2048.jpg 2048w, https:\/\/sternadeutschland.de\/wp-content\/uploads\/2026\/03\/Bolczyk-do-kolek-cienki-1-570x570.jpg 570w, https:\/\/sternadeutschland.de\/wp-content\/uploads\/2026\/03\/Bolczyk-do-kolek-cienki-1-500x500.jpg 500w, https:\/\/sternadeutschland.de\/wp-content\/uploads\/2026\/03\/Bolczyk-do-kolek-cienki-1-1000x1000.jpg 1000w, https:\/\/sternadeutschland.de\/wp-content\/uploads\/2026\/03\/Bolczyk-do-kolek-cienki-1-700x700.jpg 700w, https:\/\/sternadeutschland.de\/wp-content\/uploads\/2026\/03\/Bolczyk-do-kolek-cienki-1-600x600.jpg 600w, https:\/\/sternadeutschland.de\/wp-content\/uploads\/2026\/03\/Bolczyk-do-kolek-cienki-1-100x100.jpg 100w\" sizes=\"auto, (max-width: 300px) 100vw, 300px\" \/><\/div>\n\t\t\t\t\t<div class=\"wc-block-grid__product-title\">Bolczyk do k\u00f3\u0142ek cienki F500\/F600<\/div>\n\t\t\t\t<\/a>\n\t\t\t\t<div class=\"wc-block-grid__product-price price\"><span class=\"woocommerce-Price-amount amount\">1,00&nbsp;<span class=\"woocommerce-Price-currencySymbol\">&euro;<\/span><\/span><\/div>\n\t\t\t\t\n\t\t\t\t<div class=\"wp-block-button wc-block-grid__product-add-to-cart\"><a href=\"\/pl\/wp-json\/wp\/v2\/pages\/8?add-to-cart=1000\" aria-label=\"Dodaj do koszyka: &bdquo;Bolczyk do k\u00f3\u0142ek cienki F500\/F600&rdquo;\" data-quantity=\"1\" data-product_id=\"1000\" data-product_sku=\"\" data-price=\"1\" rel=\"nofollow\" class=\"wp-block-button__link  add_to_cart_button ajax_add_to_cart\">Dodaj do koszyka<\/a><\/div>\n\t\t\t<\/li><\/ul><\/div><\/div>\n<\/div>\n","protected":false},"excerpt":{"rendered":"Zobacz inne r\u00f3wnie interesuj\u0105ce&hellip; Tw\u00f3j koszyk jest obecnie pusty! Nowe w sklepie","protected":false},"author":1,"featured_media":0,"parent":0,"menu_order":0,"comment_status":"closed","ping_status":"closed","template":"","meta":{"footnotes":""},"class_list":["post-8","page","type-page","status-publish","hentry"],"_links":{"self":[{"href":"https:\/\/sternadeutschland.de\/pl\/wp-json\/wp\/v2\/pages\/8","targetHints":{"allow":["GET"]}}],"collection":[{"href":"https:\/\/sternadeutschland.de\/pl\/wp-json\/wp\/v2\/pages"}],"about":[{"href":"https:\/\/sternadeutschland.de\/pl\/wp-json\/wp\/v2\/types\/page"}],"author":[{"embeddable":true,"href":"https:\/\/sternadeutschland.de\/pl\/wp-json\/wp\/v2\/users\/1"}],"replies":[{"embeddable":true,"href":"https:\/\/sternadeutschland.de\/pl\/wp-json\/wp\/v2\/comments?post=8"}],"version-history":[{"count":1,"href":"https:\/\/sternadeutschland.de\/pl\/wp-json\/wp\/v2\/pages\/8\/revisions"}],"predecessor-version":[{"id":60,"href":"https:\/\/sternadeutschland.de\/pl\/wp-json\/wp\/v2\/pages\/8\/revisions\/60"}],"wp:attachment":[{"href":"https:\/\/sternadeutschland.de\/pl\/wp-json\/wp\/v2\/media?parent=8"}],"curies":[{"name":"wp","href":"https:\/\/api.w.org\/{rel}","templated":true}]}}