{"id":412,"date":"2025-12-08T18:28:52","date_gmt":"2025-12-08T17:28:52","guid":{"rendered":"https:\/\/sternadeutschland.de\/?page_id=412"},"modified":"2026-02-23T19:57:01","modified_gmt":"2026-02-23T18:57:01","slug":"start","status":"publish","type":"page","link":"https:\/\/sternadeutschland.de\/pl\/","title":{"rendered":"Start"},"content":{"rendered":"<div class=\"wpb-content-wrapper\"><p>[vc_row css_animation=&#8221;&#8221; row_type=&#8221;row&#8221; use_row_as_full_screen_section=&#8221;no&#8221; type=&#8221;full_width&#8221; angled_section=&#8221;no&#8221; text_align=&#8221;left&#8221; background_image_as_pattern=&#8221;without_pattern&#8221; z_index=&#8221;&#8221; background_image=&#8221;447&#8243;][vc_column][vc_row_inner row_type=&#8221;row&#8221; type=&#8221;grid&#8221; text_align=&#8221;left&#8221; css_animation=&#8221;&#8221;][vc_column_inner width=&#8221;5\/6&#8243; css=&#8221;.vc_custom_1765220915260{padding-top: 100px !important;padding-bottom: 200px !important;}&#8221;][vc_column_text css=&#8221;&#8221;]<\/p>\n<h2 style=\"color: #fff;\">Przedstawiamy NOWO\u015a\u0106,<br \/>\nwielokrotnie nagradzany mop<br \/>\ndo czyszczenia twardych pod\u0142\u00f3g HIZERO<\/h2>\n<p>[\/vc_column_text][vc_separator type=&#8221;transparent&#8221; thickness=&#8221;30&#8243;][vc_column_text css=&#8221;&#8221;]<span class=\"subtitle_intro\">Jednocze\u015bnie zamiata i mopuje,<br \/>\nu\u0142atwiaj\u0105c Ci \u017cycie.<\/span>[\/vc_column_text][vc_separator type=&#8221;transparent&#8221; thickness=&#8221;30&#8243;]<a  itemprop=\"url\" href=\"\/hizero-f600\/\" target=\"_self\"  class=\"qbutton  default\" style=\"\">Poznaj Hizero F600<\/a>[\/vc_column_inner][vc_column_inner width=&#8221;1\/6&#8243;][\/vc_column_inner][\/vc_row_inner][\/vc_column][\/vc_row][vc_row css_animation=&#8221;&#8221; row_type=&#8221;row&#8221; use_row_as_full_screen_section=&#8221;no&#8221; type=&#8221;grid&#8221; angled_section=&#8221;no&#8221; text_align=&#8221;left&#8221; background_image_as_pattern=&#8221;without_pattern&#8221; z_index=&#8221;&#8221;][vc_column][vc_column_text css=&#8221;.vc_custom_1707158203069{padding-top: 30px !important;padding-bottom: 30px !important;}&#8221;]<\/p>\n<h1 style=\"text-align: center;\">Dlaczego potrzebujesz Hizero?<\/h1>\n<p>[\/vc_column_text][\/vc_column][\/vc_row][vc_row css_animation=&#8221;&#8221; row_type=&#8221;row&#8221; use_row_as_full_screen_section=&#8221;no&#8221; type=&#8221;grid&#8221; angled_section=&#8221;no&#8221; text_align=&#8221;left&#8221; background_image_as_pattern=&#8221;without_pattern&#8221; z_index=&#8221;&#8221; padding_top=&#8221;0&#8243; padding_bottom=&#8221;0&#8243;][vc_column width=&#8221;1\/2&#8243;][vc_single_image image=&#8221;414&#8243; img_size=&#8221;800&#215;500&#8243; alignment=&#8221;center&#8221; css=&#8221;&#8221; qode_css_animation=&#8221;&#8221;][\/vc_column][vc_column width=&#8221;1\/2&#8243; el_id=&#8221;box_1&#8243; css=&#8221;.vc_custom_1765216353886{padding-top: 40px !important;}&#8221;][vc_column_text css=&#8221;.vc_custom_1707158218174{padding-bottom: 20px !important;}&#8221;]<\/p>\n<h4>Kiedy zamiatasz pod\u0142og\u0119\u2026<\/h4>\n<p>[\/vc_column_text]<div class=\"q_icon_list\"><span aria-hidden=\"true\" class=\"qode_icon_font_elegant icon_check qode-ili-icon-holder transparent\" style=\"\" ><\/span><p style=\"color:#7f7f7f;\">Nie mo\u017cesz usun\u0105\u0107 ca\u0142ego kurzu<\/p><\/div><div class=\"q_icon_list\"><span aria-hidden=\"true\" class=\"qode_icon_font_elegant icon_check qode-ili-icon-holder transparent\" style=\"\" ><\/span><p style=\"color:#7f7f7f;\">Najcz\u0119\u015bciej zamiatanie powoduje unoszenie si\u0119 kurzu w powietrzu<\/p><\/div><div class=\"q_icon_list\"><span aria-hidden=\"true\" class=\"qode_icon_font_elegant icon_check qode-ili-icon-holder transparent\" style=\"\" ><\/span><p style=\"color:#7f7f7f;\">Mo\u017cesz zamiata\u0107 tylko odpady sta\u0142e, a nie p\u0142yny<\/p><\/div>[\/vc_column][\/vc_row][vc_row css_animation=&#8221;&#8221; row_type=&#8221;row&#8221; use_row_as_full_screen_section=&#8221;no&#8221; type=&#8221;grid&#8221; angled_section=&#8221;no&#8221; text_align=&#8221;left&#8221; background_image_as_pattern=&#8221;without_pattern&#8221; z_index=&#8221;&#8221; padding_top=&#8221;40&#8243; padding_bottom=&#8221;0&#8243;][vc_column width=&#8221;1\/2&#8243; el_id=&#8221;box_2&#8243; css=&#8221;.vc_custom_1765216375026{padding-top: 40px !important;}&#8221;][vc_column_text css=&#8221;.vc_custom_1707158262003{padding-bottom: 20px !important;}&#8221;]<\/p>\n<h4>Kiedy myjesz pod\u0142og\u0119\u2026<\/h4>\n<p>[\/vc_column_text]<div class=\"q_icon_list\"><span aria-hidden=\"true\" class=\"qode_icon_font_elegant icon_check qode-ili-icon-holder transparent\" style=\"\" ><\/span><p style=\"color:#7f7f7f;\">Mop nie zbiera odpad\u00f3w sta\u0142ych<\/p><\/div><div class=\"q_icon_list\"><span aria-hidden=\"true\" class=\"qode_icon_font_elegant icon_check qode-ili-icon-holder transparent\" style=\"\" ><\/span><p style=\"color:#7f7f7f;\">Mop nie wyczy\u015bci higienicznie Twojej pod\u0142ogi, poniewa\u017c po pewnym czasie b\u0119dzie my\u0142 brudn\u0105 wod\u0105<\/p><\/div><div class=\"q_icon_list\"><span aria-hidden=\"true\" class=\"qode_icon_font_elegant icon_check qode-ili-icon-holder transparent\" style=\"\" ><\/span><p style=\"color:#7f7f7f;\">Tradycyjny mop zu\u017cywa wi\u0119cej wody<\/p><\/div><div class=\"q_icon_list\"><span aria-hidden=\"true\" class=\"qode_icon_font_elegant icon_check qode-ili-icon-holder transparent\" style=\"\" ><\/span><p style=\"color:#7f7f7f;\">Mo\u017ce pozostawia\u0107 zapach na pod\u0142odze<\/p><\/div>[\/vc_column][vc_column width=&#8221;1\/2&#8243;][vc_single_image image=&#8221;425&#8243; img_size=&#8221;800&#215;500&#8243; alignment=&#8221;center&#8221; css=&#8221;&#8221; qode_css_animation=&#8221;&#8221;][\/vc_column][\/vc_row][vc_row css_animation=&#8221;&#8221; row_type=&#8221;row&#8221; use_row_as_full_screen_section=&#8221;no&#8221; type=&#8221;grid&#8221; angled_section=&#8221;no&#8221; text_align=&#8221;left&#8221; background_image_as_pattern=&#8221;without_pattern&#8221; z_index=&#8221;&#8221; padding_top=&#8221;40&#8243; padding_bottom=&#8221;0&#8243;][vc_column width=&#8221;1\/2&#8243;][vc_single_image image=&#8221;424&#8243; img_size=&#8221;800&#215;500&#8243; alignment=&#8221;center&#8221; css=&#8221;&#8221; qode_css_animation=&#8221;&#8221;][\/vc_column][vc_column width=&#8221;1\/2&#8243; css=&#8221;.vc_custom_1705744992040{padding-top: 70px !important;}&#8221;][vc_column_text css=&#8221;.vc_custom_1707159095068{padding-bottom: 20px !important;}&#8221;]<\/p>\n<h4>Kiedy odkurzasz pod\u0142og\u0119\u2026<\/h4>\n<p>[\/vc_column_text]<div class=\"q_icon_list\"><span aria-hidden=\"true\" class=\"qode_icon_font_elegant icon_check qode-ili-icon-holder transparent\" style=\"\" ><\/span><p style=\"color:#7f7f7f;\">Py\u0142 wydmuchiwany z powrotem do \u015brodowiska<\/p><\/div><div class=\"q_icon_list\"><span aria-hidden=\"true\" class=\"qode_icon_font_elegant icon_check qode-ili-icon-holder transparent\" style=\"\" ><\/span><p style=\"color:#7f7f7f;\">Py\u0142 mo\u017ce ponownie osadza\u0107 si\u0119 w powietrzu<\/p><\/div><div class=\"q_icon_list\"><span aria-hidden=\"true\" class=\"qode_icon_font_elegant icon_check qode-ili-icon-holder transparent\" style=\"\" ><\/span><p style=\"color:#7f7f7f;\">Wy\u017cszy poziom ha\u0142asu<\/p><\/div><div class=\"q_icon_list\"><span aria-hidden=\"true\" class=\"qode_icon_font_elegant icon_check qode-ili-icon-holder transparent\" style=\"\" ><\/span><p style=\"color:#7f7f7f;\">Nie mo\u017cna higienicznie czy\u015bci\u0107 pod\u0142ogi, mo\u017cna usuwa\u0107 tylko odpady sta\u0142e<\/p><\/div>[\/vc_column][\/vc_row][vc_row css_animation=&#8221;&#8221; row_type=&#8221;row&#8221; use_row_as_full_screen_section=&#8221;no&#8221; type=&#8221;grid&#8221; angled_section=&#8221;no&#8221; text_align=&#8221;left&#8221; background_image_as_pattern=&#8221;without_pattern&#8221; z_index=&#8221;&#8221; padding_top=&#8221;40&#8243; padding_bottom=&#8221;0&#8243;][vc_column width=&#8221;1\/2&#8243; css=&#8221;.vc_custom_1705747197167{padding-top: 15px !important;}&#8221;][vc_column_text css=&#8221;.vc_custom_1759134848593{padding-bottom: 20px !important;}&#8221;]<\/p>\n<h4 style=\"color: #d53c2b;\">Kiedy u\u017cywasz Hizero\u2026<\/h4>\n<p>[\/vc_column_text]<div class=\"q_icon_list\"><span aria-hidden=\"true\" class=\"qode_icon_font_elegant icon_check qode-ili-icon-holder transparent\" style=\"color: #d53c2b;\" ><\/span><p style=\"color:#7f7f7f;\">Zbiera jednocze\u015bnie substancje sta\u0142e, p\u0142yny, w\u0142osy i automatycznie je rozdziela<\/p><\/div><div class=\"q_icon_list\"><span aria-hidden=\"true\" class=\"qode_icon_font_elegant icon_check qode-ili-icon-holder transparent\" style=\"color: #d53c2b;\" ><\/span><p style=\"color:#7f7f7f;\">Czysta woda jest u\u017cywana stale, co zapewnia higieniczn\u0105 czysto\u015b\u0107<\/p><\/div><div class=\"q_icon_list\"><span aria-hidden=\"true\" class=\"qode_icon_font_elegant icon_check qode-ili-icon-holder transparent\" style=\"color: #d53c2b;\" ><\/span><p style=\"color:#7f7f7f;\">Kurz i zapachy nie cofaj\u0105 si\u0119 z powrotem do otoczenia dlatego nie ma konieczno\u015bci stosowania filtr\u00f3w Hepa<\/p><\/div><div class=\"q_icon_list\"><span aria-hidden=\"true\" class=\"qode_icon_font_elegant icon_check qode-ili-icon-holder transparent\" style=\"color: #d53c2b;\" ><\/span><p style=\"color:#7f7f7f;\">Cichy jak rozmowa przy 60 dB<\/p><\/div><div class=\"q_icon_list\"><span aria-hidden=\"true\" class=\"qode_icon_font_elegant icon_check qode-ili-icon-holder transparent\" style=\"color: #d53c2b;\" ><\/span><p style=\"color:#7f7f7f;\">Czas pracy 60 min<\/p><\/div>[vc_separator type=&#8221;transparent&#8221; thickness=&#8221;15&#8243;]<a  itemprop=\"url\" href=\"\/hizero-f600\/\" target=\"_self\"  class=\"qbutton  center default\" style=\"\">Poznaj produkt<\/a>[\/vc_column][vc_column width=&#8221;1\/2&#8243; offset=&#8221;vc_hidden-xs&#8221;][vc_single_image image=&#8221;522&#8243; img_size=&#8221;800&#215;500&#8243; alignment=&#8221;center&#8221; css=&#8221;&#8221; qode_css_animation=&#8221;&#8221;][\/vc_column][\/vc_row][vc_row css_animation=&#8221;&#8221; row_type=&#8221;row&#8221; use_row_as_full_screen_section=&#8221;no&#8221; type=&#8221;grid&#8221; angled_section=&#8221;no&#8221; text_align=&#8221;left&#8221; background_image_as_pattern=&#8221;without_pattern&#8221; z_index=&#8221;&#8221; css=&#8221;.vc_custom_1706651395189{padding-top: 30px !important;}&#8221;][vc_column][vc_column_text css=&#8221;.vc_custom_1707159264343{padding-top: 30px !important;padding-bottom: 30px !important;}&#8221;]<\/p>\n<h2 style=\"text-align: center;\">Co sprawia, \u017ce \u200b\u200bHizero jest wyj\u0105tkowe?<\/h2>\n<p>[\/vc_column_text][\/vc_column][\/vc_row][vc_row css_animation=&#8221;&#8221; row_type=&#8221;row&#8221; use_row_as_full_screen_section=&#8221;no&#8221; type=&#8221;grid&#8221; angled_section=&#8221;no&#8221; text_align=&#8221;left&#8221; background_image_as_pattern=&#8221;without_pattern&#8221; z_index=&#8221;&#8221;][vc_column width=&#8221;1\/3&#8243; css=&#8221;.vc_custom_1705747532313{padding-top: 40px !important;}&#8221;][vc_column_text]<\/p>\n<h4 style=\"text-align: center;\">Technologia Hizero UltimateClean\u2122<\/h4>\n<p>[\/vc_column_text][vc_separator type=&#8221;transparent&#8221; thickness=&#8221;20&#8243;][vc_column_text]<\/p>\n<p style=\"text-align: center;\">Hizero wprowadza technologi\u0119 bez ssania.<br \/>\nOznacza to, \u017ce Hizero wyczy\u015bci pod\u0142og\u0119 bez u\u017cywania dodatkowych filtr\u00f3w, poniewa\u017c kurz jest zbierany na morko, a nie wydmuchiwany do otoczenia. Zastosowania takiej technologii zu\u017cywa mniej energii.<\/p>\n<p>[\/vc_column_text][\/vc_column][vc_column width=&#8221;1\/3&#8243;][vc_single_image image=&#8221;520&#8243; img_size=&#8221;full&#8221; css=&#8221;&#8221; qode_css_animation=&#8221;&#8221;][\/vc_column][vc_column width=&#8221;1\/3&#8243; css=&#8221;.vc_custom_1705747539903{padding-top: 40px !important;}&#8221;][vc_column_text]<\/p>\n<h4 style=\"text-align: center;\">Polimerowy wa\u0142ek czyszcz\u0105cy<\/h4>\n<p>[\/vc_column_text][vc_separator type=&#8221;transparent&#8221; thickness=&#8221;20&#8243;][vc_column_text]<\/p>\n<p style=\"text-align: center;\">Nasz specjalnie opracowany wa\u0142ek czyszcz\u0105cy zbiera wszystkie rodzaje odpad\u00f3w bez zarysowania pod\u0142ogi i pozostawienia na niej nieprzyjemnego zapachu.<\/p>\n<p>[\/vc_column_text][\/vc_column][\/vc_row][vc_row css_animation=&#8221;&#8221; row_type=&#8221;row&#8221; use_row_as_full_screen_section=&#8221;no&#8221; type=&#8221;grid&#8221; angled_section=&#8221;no&#8221; text_align=&#8221;left&#8221; background_image_as_pattern=&#8221;without_pattern&#8221; z_index=&#8221;&#8221;][vc_column][vc_column_text css=&#8221;.vc_custom_1707159371336{padding-top: 30px !important;padding-bottom: 15px !important;}&#8221;]<\/p>\n<h2 style=\"text-align: center;\">Poznaj Hizero Cleaner<\/h2>\n<p>[\/vc_column_text][vc_column_text css=&#8221;.vc_custom_1707159385616{margin-right: 5% !important;margin-left: 5% !important;}&#8221;]<\/p>\n<p style=\"text-align: center;\">Mop bioniczny Hizero do czyszczenia pod\u0142\u00f3g twardych to co\u015b wi\u0119cej ni\u017c tylko odkurzacz. Zamiata, myje rozlane p\u0142yny, zbiera mokre i suche odpady z ka\u017cdej twardej pod\u0142ogi, pozwalaj\u0105c ludziom cieszy\u0107 si\u0119 czystszym, zdrowszym i \u0142atwiejszym stylem \u017cycia.<\/p>\n<p>[\/vc_column_text][vc_separator type=&#8221;transparent&#8221; thickness=&#8221;15&#8243;][\/vc_column][\/vc_row][vc_row css_animation=&#8221;&#8221; row_type=&#8221;row&#8221; use_row_as_full_screen_section=&#8221;no&#8221; type=&#8221;grid&#8221; angled_section=&#8221;no&#8221; text_align=&#8221;left&#8221; background_image_as_pattern=&#8221;without_pattern&#8221; z_index=&#8221;&#8221;][vc_column width=&#8221;1\/4&#8243; offset=&#8221;vc_col-xs-6&#8243;][vc_separator type=&#8221;transparent&#8221; thickness=&#8221;5&#8243;][vc_single_image image=&#8221;934&#8243; img_size=&#8221;full&#8221; alignment=&#8221;center&#8221; css=&#8221;&#8221; qode_css_animation=&#8221;&#8221; qode_hover_animation=&#8221;zoom_in&#8221;][vc_column_text css=&#8221;.vc_custom_1771872897916{padding-top: 15px !important;padding-bottom: 15px !important;background-color: #FFFFFF !important;}&#8221; el_class=&#8221;red_box_start&#8221;]<\/p>\n<h6 style=\"text-align: center;\">Mokre i suche w\u0142osy<\/h6>\n<p>[\/vc_column_text][\/vc_column][vc_column width=&#8221;1\/4&#8243; offset=&#8221;vc_col-xs-6&#8243;][vc_separator type=&#8221;transparent&#8221; thickness=&#8221;5&#8243;][vc_single_image image=&#8221;936&#8243; img_size=&#8221;full&#8221; alignment=&#8221;center&#8221; css=&#8221;&#8221; qode_css_animation=&#8221;&#8221; qode_hover_animation=&#8221;zoom_in&#8221;][vc_column_text css=&#8221;.vc_custom_1771872902872{padding-top: 15px !important;padding-bottom: 15px !important;background-color: #FFFFFF !important;}&#8221; el_class=&#8221;red_box_start&#8221;]<\/p>\n<h6 style=\"text-align: center;\">Suche odpady<\/h6>\n<p>[\/vc_column_text][\/vc_column][vc_column width=&#8221;1\/4&#8243; offset=&#8221;vc_col-xs-6&#8243;][vc_separator type=&#8221;transparent&#8221; thickness=&#8221;5&#8243;][vc_single_image image=&#8221;935&#8243; img_size=&#8221;full&#8221; alignment=&#8221;center&#8221; css=&#8221;&#8221; qode_css_animation=&#8221;&#8221; qode_hover_animation=&#8221;zoom_in&#8221;][vc_column_text css=&#8221;.vc_custom_1771872910705{padding-top: 15px !important;padding-bottom: 15px !important;background-color: #FFFFFF !important;}&#8221; el_class=&#8221;red_box_start&#8221;]<\/p>\n<h6 style=\"text-align: center;\">Brud i kurz<\/h6>\n<p>[\/vc_column_text][\/vc_column][vc_column width=&#8221;1\/4&#8243; offset=&#8221;vc_col-xs-6&#8243;][vc_separator type=&#8221;transparent&#8221; thickness=&#8221;5&#8243;][vc_single_image image=&#8221;937&#8243; img_size=&#8221;full&#8221; alignment=&#8221;center&#8221; css=&#8221;&#8221; qode_css_animation=&#8221;&#8221; qode_hover_animation=&#8221;zoom_in&#8221;][vc_column_text css=&#8221;.vc_custom_1771872921206{padding-top: 15px !important;padding-bottom: 15px !important;background-color: #FFFFFF !important;}&#8221; el_class=&#8221;red_box_start&#8221;]<\/p>\n<h6 style=\"text-align: center;\">Mokre i suche odpady<\/h6>\n<p>[\/vc_column_text][\/vc_column][\/vc_row][vc_row css_animation=&#8221;&#8221; row_type=&#8221;row&#8221; use_row_as_full_screen_section=&#8221;no&#8221; type=&#8221;grid&#8221; angled_section=&#8221;no&#8221; text_align=&#8221;center&#8221; background_image_as_pattern=&#8221;without_pattern&#8221; z_index=&#8221;&#8221; css=&#8221;.vc_custom_1706651604795{padding-top: 50px !important;padding-bottom: 80px !important;}&#8221;][vc_column][vc_video link=&#8221;https:\/\/www.youtube.com\/watch?v=WaK1UQNXGsk&#8221; align=&#8221;center&#8221; css=&#8221;&#8221;][vc_separator type=&#8221;transparent&#8221; thickness=&#8221;15&#8243;]<a  itemprop=\"url\" href=\"\/hizero-f600\/\" target=\"_self\"  class=\"qbutton  default\" style=\"\">Poznaj produkt<\/a>[\/vc_column][\/vc_row][vc_row css_animation=&#8221;&#8221; row_type=&#8221;row&#8221; use_row_as_full_screen_section=&#8221;no&#8221; type=&#8221;grid&#8221; angled_section=&#8221;no&#8221; text_align=&#8221;left&#8221; background_image_as_pattern=&#8221;without_pattern&#8221; z_index=&#8221;&#8221;][vc_column][vc_single_image image=&#8221;518&#8243; img_size=&#8221;full&#8221; alignment=&#8221;center&#8221; css=&#8221;&#8221; qode_css_animation=&#8221;&#8221;][\/vc_column][\/vc_row][vc_row css_animation=&#8221;&#8221; row_type=&#8221;row&#8221; use_row_as_full_screen_section=&#8221;no&#8221; type=&#8221;grid&#8221; angled_section=&#8221;no&#8221; text_align=&#8221;center&#8221; background_image_as_pattern=&#8221;without_pattern&#8221; z_index=&#8221;&#8221; css=&#8221;.vc_custom_1706707594443{padding-bottom: 30px !important;}&#8221;][vc_column width=&#8221;1\/2&#8243; css=&#8221;.vc_custom_1765216550245{padding-top: 40px !important;}&#8221;][vc_column_text css=&#8221;.vc_custom_1707159492985{padding-top: 30px !important;padding-bottom: 30px !important;}&#8221;]<\/p>\n<h2 style=\"text-align: center;\">Brak technologii ssania<\/h2>\n<p>[\/vc_column_text][vc_column_text]<\/p>\n<p style=\"text-align: center;\">Technologia Hizero UltimateClean\u2122 to innowacja, poniewa\u017c nie wykorzystuje funkcji ssania jak odkurzacz. Nasza technologia No Suction \u200b\u200bnie emituje kurzu ani alergen\u00f3w z powrotem do powietrza. Opracowana nowoczesna technologia pozwala nie tylko cieszy\u0107 si\u0119 pi\u0119knie wyczyszczonymi, higienicznymi pod\u0142ogami, ale tak\u017ce ogranicza emisje kurzu w domu.<\/p>\n<p>[\/vc_column_text][vc_separator type=&#8221;transparent&#8221; thickness=&#8221;15&#8243;]<a  itemprop=\"url\" href=\"\/hizero-f600\/\" target=\"_self\"  class=\"qbutton  center default\" style=\"\">Zobacz nasz produkt<\/a>[\/vc_column][vc_column width=&#8221;1\/2&#8243;][vc_separator type=&#8221;transparent&#8221; thickness=&#8221;15&#8243;][vc_single_image image=&#8221;415&#8243; img_size=&#8221;full&#8221; css=&#8221;&#8221; qode_css_animation=&#8221;&#8221;][\/vc_column][\/vc_row][vc_row css_animation=&#8221;&#8221; row_type=&#8221;row&#8221; use_row_as_full_screen_section=&#8221;no&#8221; type=&#8221;full_width&#8221; angled_section=&#8221;no&#8221; text_align=&#8221;left&#8221; background_image_as_pattern=&#8221;without_pattern&#8221; css=&#8221;.vc_custom_1765707648954{padding-top: 50px !important;}&#8221; z_index=&#8221;&#8221; background_image=&#8221;527&#8243;][vc_column][vc_row_inner row_type=&#8221;row&#8221; type=&#8221;grid&#8221; text_align=&#8221;center&#8221; css_animation=&#8221;&#8221; css=&#8221;.vc_custom_1706722239133{padding-top: 50px !important;}&#8221;][vc_column_inner el_class=&#8221;row-12&#8243; width=&#8221;1\/3&#8243; offset=&#8221;vc_col-xs-4&#8243;][vc_single_image image=&#8221;436&#8243; img_size=&#8221;full&#8221; alignment=&#8221;center&#8221; css=&#8221;&#8221; qode_css_animation=&#8221;&#8221;][vc_separator type=&#8221;transparent&#8221; thickness=&#8221;5&#8243;][vc_column_text css=&#8221;&#8221;]<\/p>\n<h5 style=\"text-align: center;\">Wielofunkcyjne czyszczenie<\/h5>\n<p>[\/vc_column_text][vc_separator type=&#8221;transparent&#8221; thickness=&#8221;15&#8243;][\/vc_column_inner][vc_column_inner el_class=&#8221;row-12&#8243; width=&#8221;1\/3&#8243; offset=&#8221;vc_col-xs-4&#8243;][vc_single_image image=&#8221;435&#8243; img_size=&#8221;full&#8221; alignment=&#8221;center&#8221; css=&#8221;&#8221; qode_css_animation=&#8221;&#8221;][vc_separator type=&#8221;transparent&#8221; thickness=&#8221;5&#8243;][vc_column_text]<\/p>\n<h5 style=\"text-align: center;\">Samoczyszczenie w czasie rzeczywistym<\/h5>\n<p>[\/vc_column_text][vc_separator type=&#8221;transparent&#8221; thickness=&#8221;15&#8243;][\/vc_column_inner][vc_column_inner el_class=&#8221;row-12&#8243; width=&#8221;1\/3&#8243; offset=&#8221;vc_col-xs-4&#8243;][vc_single_image image=&#8221;434&#8243; img_size=&#8221;full&#8221; alignment=&#8221;center&#8221; css=&#8221;&#8221; qode_css_animation=&#8221;&#8221;][vc_separator type=&#8221;transparent&#8221; thickness=&#8221;5&#8243;][vc_column_text]<\/p>\n<h5 style=\"text-align: center;\">Automatyczne oddzielanie odpad\u00f3w sta\u0142ych i p\u0142ynnych<\/h5>\n<p>[\/vc_column_text][vc_separator type=&#8221;transparent&#8221; thickness=&#8221;15&#8243;][\/vc_column_inner][\/vc_row_inner][vc_row_inner row_type=&#8221;row&#8221; type=&#8221;grid&#8221; text_align=&#8221;center&#8221; css_animation=&#8221;&#8221; css=&#8221;.vc_custom_1706707196712{padding-top: 50px !important;padding-bottom: 50px !important;}&#8221;][vc_column_inner el_class=&#8221;row-12&#8243; width=&#8221;1\/3&#8243; offset=&#8221;vc_col-xs-4&#8243;][vc_single_image image=&#8221;433&#8243; img_size=&#8221;full&#8221; alignment=&#8221;center&#8221; css=&#8221;&#8221; qode_css_animation=&#8221;&#8221;][vc_separator type=&#8221;transparent&#8221; thickness=&#8221;5&#8243;][vc_column_text]<\/p>\n<h5 style=\"text-align: center;\">Cichy jak rozmowa przy 60dB<\/h5>\n<p>[\/vc_column_text][vc_separator type=&#8221;transparent&#8221; thickness=&#8221;15&#8243;][\/vc_column_inner][vc_column_inner el_class=&#8221;row-12&#8243; width=&#8221;1\/3&#8243; offset=&#8221;vc_col-xs-4&#8243;][vc_single_image image=&#8221;432&#8243; img_size=&#8221;full&#8221; alignment=&#8221;center&#8221; css=&#8221;&#8221; qode_css_animation=&#8221;&#8221;][vc_separator type=&#8221;transparent&#8221; thickness=&#8221;5&#8243;][vc_column_text]<\/p>\n<h5 style=\"text-align: center;\">Bezprzewodowe 60 min nieprzerwanej pracy<\/h5>\n<p>[\/vc_column_text][vc_separator type=&#8221;transparent&#8221; thickness=&#8221;15&#8243;][\/vc_column_inner][vc_column_inner el_class=&#8221;row-12&#8243; width=&#8221;1\/3&#8243; offset=&#8221;vc_col-xs-4&#8243;][vc_single_image image=&#8221;431&#8243; img_size=&#8221;full&#8221; alignment=&#8221;center&#8221; css=&#8221;&#8221; qode_css_animation=&#8221;&#8221;][vc_separator type=&#8221;transparent&#8221; thickness=&#8221;5&#8243;][vc_column_text]<\/p>\n<h5 style=\"text-align: center;\">Brak cofania kurzu i zapach\u00f3w<\/h5>\n<p>[\/vc_column_text][vc_separator type=&#8221;transparent&#8221; thickness=&#8221;15&#8243;][\/vc_column_inner][\/vc_row_inner][\/vc_column][\/vc_row]<\/p>\n<\/div>","protected":false},"excerpt":{"rendered":"<p>[vc_row css_animation=&#8221;&#8221; row_type=&#8221;row&#8221; use_row_as_full_screen_section=&#8221;no&#8221; type=&#8221;full_width&#8221; angled_section=&#8221;no&#8221; text_align=&#8221;left&#8221; background_image_as_pattern=&#8221;without_pattern&#8221; z_index=&#8221;&#8221; background_image=&#8221;447&#8243;][vc_column][vc_row_inner row_type=&#8221;row&#8221; type=&#8221;grid&#8221; text_align=&#8221;left&#8221; css_animation=&#8221;&#8221;][vc_column_inner width=&#8221;5\/6&#8243; css=&#8221;.vc_custom_1765220915260{padding-top: 100px !important;padding-bottom: 200px !important;}&#8221;][vc_column_text css=&#8221;&#8221;] Przedstawiamy NOWO\u015a\u0106, wielokrotnie nagradzany mop do czyszczenia twardych pod\u0142\u00f3g HIZERO [\/vc_column_text][vc_separator type=&#8221;transparent&#8221; thickness=&#8221;30&#8243;][vc_column_text css=&#8221;&#8221;]Jednocze\u015bnie zamiata i mopuje, u\u0142atwiaj\u0105c Ci \u017cycie.[\/vc_column_text][vc_separator type=&#8221;transparent&#8221; thickness=&#8221;30&#8243;][\/vc_column_inner][vc_column_inner width=&#8221;1\/6&#8243;][\/vc_column_inner][\/vc_row_inner][\/vc_column][\/vc_row][vc_row css_animation=&#8221;&#8221;&#8230;<\/p>\n","protected":false},"author":1,"featured_media":0,"parent":0,"menu_order":0,"comment_status":"closed","ping_status":"closed","template":"full_width.php","meta":{"footnotes":""},"class_list":["post-412","page","type-page","status-publish","hentry"],"_links":{"self":[{"href":"https:\/\/sternadeutschland.de\/pl\/wp-json\/wp\/v2\/pages\/412","targetHints":{"allow":["GET"]}}],"collection":[{"href":"https:\/\/sternadeutschland.de\/pl\/wp-json\/wp\/v2\/pages"}],"about":[{"href":"https:\/\/sternadeutschland.de\/pl\/wp-json\/wp\/v2\/types\/page"}],"author":[{"embeddable":true,"href":"https:\/\/sternadeutschland.de\/pl\/wp-json\/wp\/v2\/users\/1"}],"replies":[{"embeddable":true,"href":"https:\/\/sternadeutschland.de\/pl\/wp-json\/wp\/v2\/comments?post=412"}],"version-history":[{"count":37,"href":"https:\/\/sternadeutschland.de\/pl\/wp-json\/wp\/v2\/pages\/412\/revisions"}],"predecessor-version":[{"id":938,"href":"https:\/\/sternadeutschland.de\/pl\/wp-json\/wp\/v2\/pages\/412\/revisions\/938"}],"wp:attachment":[{"href":"https:\/\/sternadeutschland.de\/pl\/wp-json\/wp\/v2\/media?parent=412"}],"curies":[{"name":"wp","href":"https:\/\/api.w.org\/{rel}","templated":true}]}}