{"id":393,"date":"2025-12-07T20:06:17","date_gmt":"2025-12-07T19:06:17","guid":{"rendered":"https:\/\/sternadeutschland.de\/?page_id=393"},"modified":"2026-03-06T09:56:36","modified_gmt":"2026-03-06T08:56:36","slug":"warunki-zakupu","status":"publish","type":"page","link":"https:\/\/sternadeutschland.de\/pl\/warunki-zakupu\/","title":{"rendered":"Warunki zakupu"},"content":{"rendered":"<div class=\"wpb-content-wrapper\"><p>[vc_row css_animation=&#8221;&#8221; row_type=&#8221;row&#8221; use_row_as_full_screen_section=&#8221;no&#8221; type=&#8221;full_width&#8221; angled_section=&#8221;no&#8221; text_align=&#8221;left&#8221; background_image_as_pattern=&#8221;without_pattern&#8221; css=&#8221;.vc_custom_1729520638370{padding-bottom: 50px !important;}&#8221; z_index=&#8221;&#8221;][vc_column][vc_column_text]<\/p>\n<h2>Dostawa i p\u0142atno\u015b\u0107<\/h2>\n<p>[\/vc_column_text][vc_column_text css=&#8221;&#8221;]Wszystkie przesy\u0142ki realizujemy firma kurierska DPD.<br \/>\nKoszt wysy\u0142ki jest uzale\u017cniony od wagi paczki. Dok\u0142adna kwota jest zawsze przeliczona i pokazana podczas procesu sk\u0142adania zam\u00f3wienia.[\/vc_column_text][vc_separator type=&#8221;transparent&#8221; thickness=&#8221;20&#8243;][vc_column_text]<\/p>\n<h2>Zwrot\/Odst\u0105pienie od zakupu<\/h2>\n<p>[\/vc_column_text][vc_column_text css=&#8221;&#8221;]Czas na odst\u0105pienie od umowy to 14 dni kalendarzowych, od otrzymania produktu.<br \/>\nSprzedaj\u0105cy mo\u017ce odm\u00f3wi\u0107 przyj\u0119cia zwrotu\/odst\u0105pienia w przypadku, gdy produkt zosta\u0142 uszkodzony lub straci\u0142 swoj\u0105 pierwotn\u0105 form\u0119.<br \/>\nAby odst\u0105pi\u0107 od umowy nale\u017cy odes\u0142a\u0107 produkt wraz z uzupe\u0142nionym formularzem, na adres:<br \/>\nSterna Deutschland GmbH,<br \/>\nMeinekestr. 27, 10719 Berlin<br \/>\noffice@sternadeutschland.de[\/vc_column_text][vc_separator type=&#8221;transparent&#8221; thickness=&#8221;0&#8243;][vc_column_text css=&#8221;&#8221;]<a href=\"\/wp-content\/uploads\/2025\/12\/ABRECHNUNGSFORMULAR.pdf\" target=\"_blank\" rel=\"noopener\">Pobierz formularz<\/a>[\/vc_column_text][vc_separator type=&#8221;transparent&#8221; thickness=&#8221;20&#8243;][vc_column_text]<\/p>\n<h2>Reklamacja i Serwis<\/h2>\n<p>[\/vc_column_text][vc_column_text]W celu zg\u0142oszenia produktu na serwis nale\u017cy uzupe\u0142ni\u0107 formularz. Po czym nasz pracownik dzia\u0142u obs\u0142ugi klienta skontaktuje si\u0119 z Pa\u0144stwem.[\/vc_column_text][vc_separator type=&#8221;transparent&#8221; thickness=&#8221;0&#8243;][\/vc_column][\/vc_row]<\/p>\n<\/div>","protected":false},"excerpt":{"rendered":"<p>[vc_row css_animation=&#8221;&#8221; row_type=&#8221;row&#8221; use_row_as_full_screen_section=&#8221;no&#8221; type=&#8221;full_width&#8221; angled_section=&#8221;no&#8221; text_align=&#8221;left&#8221; background_image_as_pattern=&#8221;without_pattern&#8221; css=&#8221;.vc_custom_1729520638370{padding-bottom: 50px !important;}&#8221; z_index=&#8221;&#8221;][vc_column][vc_column_text] Dostawa i p\u0142atno\u015b\u0107 [\/vc_column_text][vc_column_text css=&#8221;&#8221;]Wszystkie przesy\u0142ki realizujemy firma kurierska DPD. Koszt wysy\u0142ki jest uzale\u017cniony od wagi paczki. Dok\u0142adna kwota jest zawsze przeliczona i pokazana podczas procesu sk\u0142adania zam\u00f3wienia.[\/vc_column_text][vc_separator type=&#8221;transparent&#8221; thickness=&#8221;20&#8243;][vc_column_text] Zwrot\/Odst\u0105pienie od zakupu&#8230;<\/p>\n","protected":false},"author":1,"featured_media":0,"parent":0,"menu_order":0,"comment_status":"closed","ping_status":"closed","template":"","meta":{"footnotes":""},"class_list":["post-393","page","type-page","status-publish","hentry"],"_links":{"self":[{"href":"https:\/\/sternadeutschland.de\/pl\/wp-json\/wp\/v2\/pages\/393","targetHints":{"allow":["GET"]}}],"collection":[{"href":"https:\/\/sternadeutschland.de\/pl\/wp-json\/wp\/v2\/pages"}],"about":[{"href":"https:\/\/sternadeutschland.de\/pl\/wp-json\/wp\/v2\/types\/page"}],"author":[{"embeddable":true,"href":"https:\/\/sternadeutschland.de\/pl\/wp-json\/wp\/v2\/users\/1"}],"replies":[{"embeddable":true,"href":"https:\/\/sternadeutschland.de\/pl\/wp-json\/wp\/v2\/comments?post=393"}],"version-history":[{"count":5,"href":"https:\/\/sternadeutschland.de\/pl\/wp-json\/wp\/v2\/pages\/393\/revisions"}],"predecessor-version":[{"id":1113,"href":"https:\/\/sternadeutschland.de\/pl\/wp-json\/wp\/v2\/pages\/393\/revisions\/1113"}],"wp:attachment":[{"href":"https:\/\/sternadeutschland.de\/pl\/wp-json\/wp\/v2\/media?parent=393"}],"curies":[{"name":"wp","href":"https:\/\/api.w.org\/{rel}","templated":true}]}}