{"id":391,"date":"2025-12-07T20:00:34","date_gmt":"2025-12-07T19:00:34","guid":{"rendered":"https:\/\/sternadeutschland.de\/?page_id=391"},"modified":"2026-02-23T20:06:05","modified_gmt":"2026-02-23T19:06:05","slug":"informacja-prawna","status":"publish","type":"page","link":"https:\/\/sternadeutschland.de\/pl\/informacja-prawna\/","title":{"rendered":"Informacja prawna"},"content":{"rendered":"<div class=\"wpb-content-wrapper\"><p>[vc_row css_animation=&#8221;&#8221; row_type=&#8221;row&#8221; use_row_as_full_screen_section=&#8221;no&#8221; type=&#8221;full_width&#8221; angled_section=&#8221;no&#8221; text_align=&#8221;left&#8221; background_image_as_pattern=&#8221;without_pattern&#8221;][vc_column][vc_column_text css=&#8221;&#8221;]Wype\u0142niaj\u0105c obowi\u0105zek informacyjny zawarty w artykule 10 Ustawy 34\/2002 z dnia 11 lipca o us\u0142ugach spo\u0142ecze\u0144stwa informacyjnego i handlu elektronicznego (LSSICE), w\u0142a\u015bciciel strony internetowej informuje o nast\u0119puj\u0105cych kwestiach:<\/p>\n<ul>\n<li>Nazwa firmy: Sterna Deutschland GmbH<\/li>\n<li>NIP: DE460214217<\/li>\n<li>Adres: Meinekestr. 27, 10719 Berlin<\/li>\n<\/ul>\n<p>[\/vc_column_text][vc_separator type=&#8221;transparent&#8221; thickness=&#8221;15&#8243;][vc_column_text css=&#8221;&#8221;]W granicach okre\u015blonych przez prawo, sternadeutschland.de nie ponosi odpowiedzialno\u015bci za brak prawdziwo\u015bci, kompletno\u015bci, aktualno\u015bci i dok\u0142adno\u015bci danych lub informacji zawartych na swoich stronach internetowych.[\/vc_column_text][vc_separator type=&#8221;transparent&#8221; thickness=&#8221;15&#8243;][vc_column_text css=&#8221;&#8221;]Tre\u015bci i informacje nie wi\u0105\u017c\u0105 sternadeutschland.de ani nie stanowi\u0105 opinii, porad czy konsultacji prawnej jakiegokolwiek rodzaju, gdy\u017c s\u0105 one oferowane jedynie w celach informacyjnych i edukacyjnych.[\/vc_column_text][vc_separator type=&#8221;transparent&#8221; thickness=&#8221;15&#8243;][vc_column_text css=&#8221;&#8221;]Strony internetowe sternadeutschland.de mog\u0105 zawiera\u0107 linki do innych stron trzecich, na kt\u00f3re sternadeutschland.de nie ma kontroli. W zwi\u0105zku z tym sternadeutschland.de nie ponosi odpowiedzialno\u015bci za tre\u015bci, kt\u00f3re mog\u0105 pojawi\u0107 si\u0119 na stronach trzecich.[\/vc_column_text][vc_separator type=&#8221;transparent&#8221; thickness=&#8221;15&#8243;][vc_column_text css=&#8221;&#8221;]Teksty, obrazy, d\u017awi\u0119ki, animacje, oprogramowanie i inne tre\u015bci zawarte na tej stronie s\u0105 wy\u0142\u0105czn\u0105 w\u0142asno\u015bci\u0105 sternadeutschland.de lub jej licencjodawc\u00f3w. Wszelkie dzia\u0142ania polegaj\u0105ce na transmisji, dystrybucji, przekazywaniu, reprodukcji, przechowywaniu lub publicznej komunikacji, w ca\u0142o\u015bci lub w cz\u0119\u015bci, musz\u0105 uzyska\u0107 wyra\u017an\u0105 zgod\u0119 sternadeutschland.de.[\/vc_column_text][vc_separator type=&#8221;transparent&#8221; thickness=&#8221;15&#8243;][vc_column_text css=&#8221;&#8221;]Ponadto, aby uzyska\u0107 dost\u0119p do niekt\u00f3rych us\u0142ug oferowanych przez sternadeutschland.de za po\u015brednictwem strony internetowej, konieczne jest podanie pewnych danych osobowych. Zgodnie z Rozporz\u0105dzeniem (UE) 2016\/679 Parlamentu Europejskiego i Rady z dnia 27 kwietnia 2016 r. w sprawie ochrony os\u00f3b fizycznych w zwi\u0105zku z przetwarzaniem danych osobowych i swobodnym przep\u0142ywem tych danych, informujemy, \u017ce wype\u0142niaj\u0105c niniejsze formularze, Pa\u0144stwa dane osobowe zostan\u0105 w\u0142\u0105czone do plik\u00f3w Sterna Deutschland GmbH w celu \u015bwiadczenia naszych us\u0142ug oraz informowania o ulepszeniach na stronie internetowej.[\/vc_column_text][vc_separator type=&#8221;transparent&#8221; thickness=&#8221;15&#8243;][vc_column_text css=&#8221;&#8221;]Informujemy r\u00f3wnie\u017c, \u017ce w ka\u017cdej chwili maj\u0105 Pa\u0144stwo mo\u017cliwo\u015b\u0107 skorzystania z prawa dost\u0119pu, sprostowania, anulowania, sprzeciwu, ograniczenia i przenoszenia swoich danych osobowych, bezp\u0142atnie, wysy\u0142aj\u0105c wiadomo\u015b\u0107 e-mail na adres: <a href=\"mailto:office@sternadeutschland.de\">office@sternadeutschland.de<\/a> lub na adres: Sterna Deutschland GmbH, Meinekestr. 27, 10719 Berlin.[\/vc_column_text][vc_separator type=&#8221;transparent&#8221; thickness=&#8221;50&#8243;][\/vc_column][\/vc_row]<\/p>\n<\/div>","protected":false},"excerpt":{"rendered":"<p>[vc_row css_animation=&#8221;&#8221; row_type=&#8221;row&#8221; use_row_as_full_screen_section=&#8221;no&#8221; type=&#8221;full_width&#8221; angled_section=&#8221;no&#8221; text_align=&#8221;left&#8221; background_image_as_pattern=&#8221;without_pattern&#8221;][vc_column][vc_column_text css=&#8221;&#8221;]Wype\u0142niaj\u0105c obowi\u0105zek informacyjny zawarty w artykule 10 Ustawy 34\/2002 z dnia 11 lipca o us\u0142ugach spo\u0142ecze\u0144stwa informacyjnego i handlu elektronicznego (LSSICE), w\u0142a\u015bciciel strony internetowej informuje o nast\u0119puj\u0105cych kwestiach: Nazwa firmy: Sterna Deutschland GmbH NIP: DE460214217 Adres: Meinekestr&#8230;.<\/p>\n","protected":false},"author":1,"featured_media":0,"parent":0,"menu_order":0,"comment_status":"closed","ping_status":"closed","template":"","meta":{"footnotes":""},"class_list":["post-391","page","type-page","status-publish","hentry"],"_links":{"self":[{"href":"https:\/\/sternadeutschland.de\/pl\/wp-json\/wp\/v2\/pages\/391","targetHints":{"allow":["GET"]}}],"collection":[{"href":"https:\/\/sternadeutschland.de\/pl\/wp-json\/wp\/v2\/pages"}],"about":[{"href":"https:\/\/sternadeutschland.de\/pl\/wp-json\/wp\/v2\/types\/page"}],"author":[{"embeddable":true,"href":"https:\/\/sternadeutschland.de\/pl\/wp-json\/wp\/v2\/users\/1"}],"replies":[{"embeddable":true,"href":"https:\/\/sternadeutschland.de\/pl\/wp-json\/wp\/v2\/comments?post=391"}],"version-history":[{"count":5,"href":"https:\/\/sternadeutschland.de\/pl\/wp-json\/wp\/v2\/pages\/391\/revisions"}],"predecessor-version":[{"id":954,"href":"https:\/\/sternadeutschland.de\/pl\/wp-json\/wp\/v2\/pages\/391\/revisions\/954"}],"wp:attachment":[{"href":"https:\/\/sternadeutschland.de\/pl\/wp-json\/wp\/v2\/media?parent=391"}],"curies":[{"name":"wp","href":"https:\/\/api.w.org\/{rel}","templated":true}]}}