{"id":374,"date":"2025-12-07T17:24:51","date_gmt":"2025-12-07T16:24:51","guid":{"rendered":"https:\/\/sternadeutschland.de\/?page_id=374"},"modified":"2025-12-07T19:01:36","modified_gmt":"2025-12-07T18:01:36","slug":"poradniki-wideo","status":"publish","type":"page","link":"https:\/\/sternadeutschland.de\/pl\/poradniki-wideo\/","title":{"rendered":"Poradniki wideo"},"content":{"rendered":"<div class=\"wpb-content-wrapper\"><p>[vc_row css_animation=&#8221;&#8221; row_type=&#8221;row&#8221; use_row_as_full_screen_section=&#8221;no&#8221; type=&#8221;full_width&#8221; angled_section=&#8221;no&#8221; text_align=&#8221;left&#8221; background_image_as_pattern=&#8221;without_pattern&#8221; css=&#8221;.vc_custom_1765125046372{padding-bottom: 50px !important;}&#8221; z_index=&#8221;&#8221;][vc_column][vc_column_text]<\/p>\n<h2>Hizero F600<\/h2>\n<p>[\/vc_column_text][vc_separator type=&#8221;normal&#8221; thickness=&#8221;1&#8243;][vc_video link=&#8221;https:\/\/www.youtube.com\/watch?v=WaK1UQNXGsk&#8221; align=&#8221;center&#8221; css=&#8221;&#8221;][\/vc_column][\/vc_row][vc_row css_animation=&#8221;&#8221; row_type=&#8221;row&#8221; use_row_as_full_screen_section=&#8221;no&#8221; type=&#8221;full_width&#8221; angled_section=&#8221;no&#8221; text_align=&#8221;left&#8221; background_image_as_pattern=&#8221;without_pattern&#8221; css=&#8221;.vc_custom_1765125046372{padding-bottom: 50px !important;}&#8221; z_index=&#8221;&#8221;][vc_column][vc_column_text css=&#8221;&#8221;]<\/p>\n<h2>Jak z\u0142o\u017cy\u0107 Hizero F600?<\/h2>\n<p>[\/vc_column_text][vc_separator type=&#8221;normal&#8221; thickness=&#8221;1&#8243;][vc_video link=&#8221;https:\/\/www.youtube.com\/watch?v=sA3x07usl-U&#8221; align=&#8221;center&#8221; css=&#8221;&#8221;][\/vc_column][\/vc_row][vc_row css_animation=&#8221;&#8221; row_type=&#8221;row&#8221; use_row_as_full_screen_section=&#8221;no&#8221; type=&#8221;full_width&#8221; angled_section=&#8221;no&#8221; text_align=&#8221;left&#8221; background_image_as_pattern=&#8221;without_pattern&#8221; css=&#8221;.vc_custom_1765125046372{padding-bottom: 50px !important;}&#8221; z_index=&#8221;&#8221;][vc_column][vc_column_text css=&#8221;&#8221;]<\/p>\n<h2>Jak korzysta\u0107 z Hizero F600<\/h2>\n<p>[\/vc_column_text][vc_separator type=&#8221;normal&#8221; thickness=&#8221;1&#8243;][vc_video link=&#8221;https:\/\/www.youtube.com\/watch?v=3sa3S7goeF0&#8243; align=&#8221;center&#8221; css=&#8221;&#8221;][\/vc_column][\/vc_row][vc_row css_animation=&#8221;&#8221; row_type=&#8221;row&#8221; use_row_as_full_screen_section=&#8221;no&#8221; type=&#8221;full_width&#8221; angled_section=&#8221;no&#8221; text_align=&#8221;left&#8221; background_image_as_pattern=&#8221;without_pattern&#8221; css=&#8221;.vc_custom_1765125046372{padding-bottom: 50px !important;}&#8221; z_index=&#8221;&#8221;][vc_column][vc_column_text css=&#8221;&#8221;]<\/p>\n<h2>Jak czy\u015bci\u0107 Hizero F600 po u\u017cyciu?<\/h2>\n<p>[\/vc_column_text][vc_separator type=&#8221;normal&#8221; thickness=&#8221;1&#8243;][vc_video link=&#8221;https:\/\/www.youtube.com\/watch?v=5U-EgUvCrWM&#8221; align=&#8221;center&#8221; css=&#8221;&#8221;][\/vc_column][\/vc_row][vc_row css_animation=&#8221;&#8221; row_type=&#8221;row&#8221; use_row_as_full_screen_section=&#8221;no&#8221; type=&#8221;full_width&#8221; angled_section=&#8221;no&#8221; text_align=&#8221;left&#8221; background_image_as_pattern=&#8221;without_pattern&#8221; css=&#8221;.vc_custom_1765125046372{padding-bottom: 50px !important;}&#8221; z_index=&#8221;&#8221;][vc_column][vc_column_text css=&#8221;&#8221;]<\/p>\n<h2>Zobacz zakamarki Hizero F600<\/h2>\n<p>[\/vc_column_text][vc_separator type=&#8221;normal&#8221; thickness=&#8221;1&#8243;][vc_video link=&#8221;https:\/\/www.youtube.com\/watch?v=FujylZkY4BM&#8221; align=&#8221;center&#8221; css=&#8221;&#8221;][\/vc_column][\/vc_row]<\/p>\n<\/div>","protected":false},"excerpt":{"rendered":"<p>[vc_row css_animation=&#8221;&#8221; row_type=&#8221;row&#8221; use_row_as_full_screen_section=&#8221;no&#8221; type=&#8221;full_width&#8221; angled_section=&#8221;no&#8221; text_align=&#8221;left&#8221; background_image_as_pattern=&#8221;without_pattern&#8221; css=&#8221;.vc_custom_1765125046372{padding-bottom: 50px !important;}&#8221; z_index=&#8221;&#8221;][vc_column][vc_column_text] Hizero F600 [\/vc_column_text][vc_separator type=&#8221;normal&#8221; thickness=&#8221;1&#8243;][vc_video link=&#8221;https:\/\/www.youtube.com\/watch?v=WaK1UQNXGsk&#8221; align=&#8221;center&#8221; css=&#8221;&#8221;][\/vc_column][\/vc_row][vc_row css_animation=&#8221;&#8221; row_type=&#8221;row&#8221; use_row_as_full_screen_section=&#8221;no&#8221; type=&#8221;full_width&#8221; angled_section=&#8221;no&#8221; text_align=&#8221;left&#8221; background_image_as_pattern=&#8221;without_pattern&#8221; css=&#8221;.vc_custom_1765125046372{padding-bottom: 50px !important;}&#8221; z_index=&#8221;&#8221;][vc_column][vc_column_text css=&#8221;&#8221;] Jak z\u0142o\u017cy\u0107 Hizero F600? [\/vc_column_text][vc_separator type=&#8221;normal&#8221; thickness=&#8221;1&#8243;][vc_video link=&#8221;https:\/\/www.youtube.com\/watch?v=sA3x07usl-U&#8221; align=&#8221;center&#8221; css=&#8221;&#8221;][\/vc_column][\/vc_row][vc_row css_animation=&#8221;&#8221; row_type=&#8221;row&#8221; use_row_as_full_screen_section=&#8221;no&#8221;&#8230;<\/p>\n","protected":false},"author":1,"featured_media":0,"parent":0,"menu_order":0,"comment_status":"closed","ping_status":"closed","template":"","meta":{"footnotes":""},"class_list":["post-374","page","type-page","status-publish","hentry"],"_links":{"self":[{"href":"https:\/\/sternadeutschland.de\/pl\/wp-json\/wp\/v2\/pages\/374","targetHints":{"allow":["GET"]}}],"collection":[{"href":"https:\/\/sternadeutschland.de\/pl\/wp-json\/wp\/v2\/pages"}],"about":[{"href":"https:\/\/sternadeutschland.de\/pl\/wp-json\/wp\/v2\/types\/page"}],"author":[{"embeddable":true,"href":"https:\/\/sternadeutschland.de\/pl\/wp-json\/wp\/v2\/users\/1"}],"replies":[{"embeddable":true,"href":"https:\/\/sternadeutschland.de\/pl\/wp-json\/wp\/v2\/comments?post=374"}],"version-history":[{"count":13,"href":"https:\/\/sternadeutschland.de\/pl\/wp-json\/wp\/v2\/pages\/374\/revisions"}],"predecessor-version":[{"id":388,"href":"https:\/\/sternadeutschland.de\/pl\/wp-json\/wp\/v2\/pages\/374\/revisions\/388"}],"wp:attachment":[{"href":"https:\/\/sternadeutschland.de\/pl\/wp-json\/wp\/v2\/media?parent=374"}],"curies":[{"name":"wp","href":"https:\/\/api.w.org\/{rel}","templated":true}]}}