{"id":365,"date":"2025-12-07T17:07:49","date_gmt":"2025-12-07T16:07:49","guid":{"rendered":"https:\/\/sternadeutschland.de\/?page_id=365"},"modified":"2025-12-07T17:19:27","modified_gmt":"2025-12-07T16:19:27","slug":"faq-dla-hizero-f600","status":"publish","type":"page","link":"https:\/\/sternadeutschland.de\/pl\/faq-dla-hizero-f600\/","title":{"rendered":"FAQ dla HIZERO F600"},"content":{"rendered":"<div class=\"wpb-content-wrapper\"><p>[vc_row css_animation=&#8221;&#8221; row_type=&#8221;row&#8221; use_row_as_full_screen_section=&#8221;no&#8221; type=&#8221;grid&#8221; angled_section=&#8221;no&#8221; text_align=&#8221;left&#8221; background_image_as_pattern=&#8221;without_pattern&#8221; css=&#8221;.vc_custom_1706810967100{padding-top: 50px !important;padding-bottom: 50px !important;}&#8221; z_index=&#8221;&#8221;][vc_column][vc_column_text css=&#8221;&#8221;]<\/p>\n<h2 style=\"text-align: left;\">FAQ dla HIZERO F600<\/h2>\n<p>[\/vc_column_text][vc_separator type=&#8221;normal&#8221; color=&#8221;#707070&#8243; thickness=&#8221;2&#8243;][vc_accordion active_tab=&#8221;1&#8243; collapsible=&#8221;yes&#8221; style=&#8221;accordion&#8221;][vc_accordion_tab title=&#8221;Dlaczego przez kilka sekund po wy\u0142\u0105czeniu urz\u0105dzenia s\u0142ycha\u0107 ha\u0142as?&#8221;][vc_column_text css=&#8221;&#8221;]Jest to d\u017awi\u0119k pracy pompy powietrza. Aby zebra\u0107 pozosta\u0142\u0105 wod\u0119 pozosta\u0142\u0105 w przewodach, pompa powietrza dzia\u0142a jeszcze przez 3 sekundy po wy\u0142\u0105czeniu urz\u0105dzenia.[\/vc_column_text][\/vc_accordion_tab][vc_accordion_tab title=&#8221;Czy model F600 mo\u017ce le\u017ce\u0107 p\u0142asko na pod\u0142odze?&#8221;][vc_column_text css=&#8221;&#8221;]Tak, model F600 mo\u017ce le\u017ce\u0107 p\u0142asko na pod\u0142odze. G\u0142owica czyszcz\u0105ca mie\u015bci si\u0119 w przestrzeniach o wysoko\u015bci 9 cm, a ca\u0142e urz\u0105dzenie zmie\u015bci si\u0119 w przestrzeniach o wysoko\u015bci 12 cm. Mo\u017ce mopowa\u0107 i czy\u015bci\u0107 pod wi\u0119kszo\u015bci\u0105 \u0142\u00f3\u017cek i mebli.[\/vc_column_text][\/vc_accordion_tab][vc_accordion_tab title=&#8221;Jaka jest pojemno\u015b\u0107 zbiornika na czyst\u0105 wod\u0119?&#8221;][vc_column_text css=&#8221;&#8221;]Zar\u00f3wno zbiornik na czyst\u0105 wod\u0119, jak i zbiornik na wod\u0119 brudn\u0105 maj\u0105 pojemno\u015b\u0107 600 ml. Jeden zbiornik wody wystarcza do umycia powierzchni oko\u0142o 65 m\u00b2.[\/vc_column_text][\/vc_accordion_tab][vc_accordion_tab title=&#8221;Czy zbiornik na czyst\u0105 wod\u0119 i zbiornik na wod\u0119 brudn\u0105 mo\u017cna oddzieli\u0107?&#8221;][vc_column_text css=&#8221;&#8221;]Mi\u0119dzy dwoma zbiornikami znajduje si\u0119 przycisk zwalniaj\u0105cy oraz odpowiednie ikony informuj\u0105cych. Naci\u015bnij przycisk zwalniaj\u0105cy i obr\u00f3\u0107 zbiorniki, a\u017c ikona odblokowania b\u0119dzie w odpowiednim miejscu, aby je rozdzieli\u0107. Aby ponownie zamocowa\u0107 zbiorniki, obr\u00f3\u0107 je, a\u017c symbol zablokowania b\u0119dzie w odpowiednim miejscu.[\/vc_column_text][\/vc_accordion_tab][vc_accordion_tab title=&#8221;Czy model F600 mo\u017ce by\u0107 w\u0142\u0105czony podczas \u0142adowania?&#8221;][vc_column_text css=&#8221;&#8221;]Tak, model F600 mo\u017ce by\u0107 w\u0142\u0105czony podczas \u0142adowania. Jednak\u017ce, poniewa\u017c pr\u0105d roboczy jest wy\u017cszy ni\u017c pr\u0105d \u0142adowania, akumulator nie b\u0119dzie si\u0119 faktycznie \u0142adowa\u0107. Dlatego zalecamy \u0142adowanie urz\u0105dzenia, gdy jest wy\u0142\u0105czone.[\/vc_column_text][\/vc_accordion_tab][vc_accordion_tab title=&#8221;Jaki jest okres gwarancji dla modelu F600?&#8221;][vc_column_text css=&#8221;&#8221;]Okres gwarancji dla modelu F600 wynosi 2 lata, z wy\u0142\u0105czeniem akcesori\u00f3w, takich jak wa\u0142ek myj\u0105cy, szczotka czyszcz\u0105ca i wycieraczka, poniewa\u017c ich \u017cywotno\u015b\u0107 jest w du\u017cej mierze jest uzale\u017cniona od u\u017cytkowania.[\/vc_column_text][\/vc_accordion_tab][\/vc_accordion][\/vc_column][\/vc_row][vc_row css_animation=&#8221;&#8221; row_type=&#8221;row&#8221; use_row_as_full_screen_section=&#8221;no&#8221; type=&#8221;grid&#8221; angled_section=&#8221;no&#8221; text_align=&#8221;left&#8221; background_image_as_pattern=&#8221;without_pattern&#8221; css=&#8221;.vc_custom_1706810967100{padding-top: 50px !important;padding-bottom: 50px !important;}&#8221; z_index=&#8221;&#8221;][vc_column][vc_column_text css=&#8221;&#8221;]<\/p>\n<h2 style=\"text-align: left;\">Instrukcja obs\u0142ugi Hizero F600<\/h2>\n<p>[\/vc_column_text][vc_separator type=&#8221;normal&#8221; color=&#8221;#707070&#8243; thickness=&#8221;2&#8243;]<a  itemprop=\"url\" href=\"\/wp-content\/uploads\/2025\/12\/F600_instrukcja_obslugi.pdf\" target=\"_blank\"  class=\"qbutton  default\" style=\"\">Instrukcja obs\u0142ugi Hizero F600<\/a>[\/vc_column][\/vc_row]<\/p>\n<\/div>","protected":false},"excerpt":{"rendered":"<p>[vc_row css_animation=&#8221;&#8221; row_type=&#8221;row&#8221; use_row_as_full_screen_section=&#8221;no&#8221; type=&#8221;grid&#8221; angled_section=&#8221;no&#8221; text_align=&#8221;left&#8221; background_image_as_pattern=&#8221;without_pattern&#8221; css=&#8221;.vc_custom_1706810967100{padding-top: 50px !important;padding-bottom: 50px !important;}&#8221; z_index=&#8221;&#8221;][vc_column][vc_column_text css=&#8221;&#8221;] FAQ dla HIZERO F600 [\/vc_column_text][vc_separator type=&#8221;normal&#8221; color=&#8221;#707070&#8243; thickness=&#8221;2&#8243;][vc_accordion active_tab=&#8221;1&#8243; collapsible=&#8221;yes&#8221; style=&#8221;accordion&#8221;][vc_accordion_tab title=&#8221;Dlaczego przez kilka sekund po wy\u0142\u0105czeniu urz\u0105dzenia s\u0142ycha\u0107 ha\u0142as?&#8221;][vc_column_text css=&#8221;&#8221;]Jest to d\u017awi\u0119k pracy pompy powietrza. Aby zebra\u0107 pozosta\u0142\u0105 wod\u0119&#8230;<\/p>\n","protected":false},"author":1,"featured_media":0,"parent":0,"menu_order":0,"comment_status":"closed","ping_status":"closed","template":"","meta":{"footnotes":""},"class_list":["post-365","page","type-page","status-publish","hentry"],"_links":{"self":[{"href":"https:\/\/sternadeutschland.de\/pl\/wp-json\/wp\/v2\/pages\/365","targetHints":{"allow":["GET"]}}],"collection":[{"href":"https:\/\/sternadeutschland.de\/pl\/wp-json\/wp\/v2\/pages"}],"about":[{"href":"https:\/\/sternadeutschland.de\/pl\/wp-json\/wp\/v2\/types\/page"}],"author":[{"embeddable":true,"href":"https:\/\/sternadeutschland.de\/pl\/wp-json\/wp\/v2\/users\/1"}],"replies":[{"embeddable":true,"href":"https:\/\/sternadeutschland.de\/pl\/wp-json\/wp\/v2\/comments?post=365"}],"version-history":[{"count":6,"href":"https:\/\/sternadeutschland.de\/pl\/wp-json\/wp\/v2\/pages\/365\/revisions"}],"predecessor-version":[{"id":373,"href":"https:\/\/sternadeutschland.de\/pl\/wp-json\/wp\/v2\/pages\/365\/revisions\/373"}],"wp:attachment":[{"href":"https:\/\/sternadeutschland.de\/pl\/wp-json\/wp\/v2\/media?parent=365"}],"curies":[{"name":"wp","href":"https:\/\/api.w.org\/{rel}","templated":true}]}}