{"id":360,"date":"2025-12-07T17:04:05","date_gmt":"2025-12-07T16:04:05","guid":{"rendered":"https:\/\/sternadeutschland.de\/?page_id=360"},"modified":"2025-12-07T17:05:42","modified_gmt":"2025-12-07T16:05:42","slug":"rozwiazywanie-problemow-hizero-f600","status":"publish","type":"page","link":"https:\/\/sternadeutschland.de\/pl\/rozwiazywanie-problemow-hizero-f600\/","title":{"rendered":"Rozwi\u0105zywanie problem\u00f3w HIZERO F600"},"content":{"rendered":"<div class=\"wpb-content-wrapper\"><p>[vc_row css_animation=&#8221;&#8221; row_type=&#8221;row&#8221; use_row_as_full_screen_section=&#8221;no&#8221; type=&#8221;grid&#8221; angled_section=&#8221;no&#8221; text_align=&#8221;left&#8221; background_image_as_pattern=&#8221;without_pattern&#8221; css=&#8221;.vc_custom_1706810967100{padding-top: 50px !important;padding-bottom: 50px !important;}&#8221; z_index=&#8221;&#8221;][vc_column][vc_column_text css=&#8221;&#8221;]<\/p>\n<h2 style=\"text-align: left;\">Rozwi\u0105zywanie problem\u00f3w HIZERO F600<\/h2>\n<p>[\/vc_column_text][vc_separator type=&#8221;normal&#8221; color=&#8221;#707070&#8243; thickness=&#8221;2&#8243;][vc_accordion active_tab=&#8221;1&#8243; collapsible=&#8221;yes&#8221; style=&#8221;accordion&#8221;][vc_accordion_tab title=&#8221;Woda wycieka na pod\u0142og\u0119 z g\u0142owicy czyszcz\u0105cej podczas ruchu do przodu&#8221;][vc_column_text css=&#8221;&#8221;]Najbardziej prawdopodobn\u0105 przyczyn\u0105 tego problemu jest nieprawid\u0142owe zamontowanie uchwytu g\u0142owicy czyszcz\u0105cej, co powoduje ko\u0142ysanie si\u0119 wa\u0142ka myj\u0105cego podczas obracania, a w rezultacie wycieku wody na pod\u0142og\u0119.<\/p>\n<div><\/div>\n<p>Nale\u017cy ponownie zainstalowa\u0107 wa\u0142ek myj\u0105cy, upewniaj\u0105c si\u0119, \u017ce uchwyt jest prawid\u0142owo zamontowany[\/vc_column_text][\/vc_accordion_tab][vc_accordion_tab title=&#8221;Dioda LED g\u0142owicy czyszcz\u0105cej miga podczas pracy&#8221;][vc_column_text css=&#8221;&#8221;]Pokrywa g\u0142owicy czyszcz\u0105cej nie jest prawid\u0142owo zamkni\u0119ta. Za\u0142\u00f3\u017c ponownie pokryw\u0119 g\u0142owicy czyszcz\u0105cej.[\/vc_column_text][\/vc_accordion_tab][vc_accordion_tab title=&#8221;Dlaczego podczas mycia pod\u0142ogi wycieka woda lub trafia do pojemnika na odpady sta\u0142e?&#8221;][vc_column_text css=&#8221;&#8221;]Wyciek wody jest zwykle spowodowany zatkaniem przewodu odprowadzaj\u0105cego brudn\u0105 wod\u0119.<\/p>\n<div><\/div>\n<p>(1) Zdejmij wa\u0142ek myj\u0105cy\u00a0 i wyjmij separator. Umyj i wyczy\u015b\u0107 separator.<\/p>\n<div><\/div>\n<p>(2) Sta\u0144 przodem do g\u0142owicy czyszcz\u0105cej i znajd\u017a przycisk zwalniaj\u0105cy po lewej stronie. Naci\u015bnij go, aby zdj\u0105\u0107 lew\u0105 pokryw\u0119 boczn\u0105. Znajdziesz tam przezroczyst\u0105 os\u0142on\u0119 rurki brudnej wody i gumowy filtr grzebieniowy. Zdejmij je i przep\u0142ucz pod bie\u017c\u0105c\u0105 wod\u0105 w celu wyczyszczenia. Czyszczenie nale\u017cy przeprowadza\u0107 co najmniej raz w tygodniu, aby zapobiec problemom, kt\u00f3re mog\u0142yby spowodowa\u0107 wyciek wody.[\/vc_column_text][\/vc_accordion_tab][\/vc_accordion][\/vc_column][\/vc_row]<\/p>\n<\/div>","protected":false},"excerpt":{"rendered":"<p>[vc_row css_animation=&#8221;&#8221; row_type=&#8221;row&#8221; use_row_as_full_screen_section=&#8221;no&#8221; type=&#8221;grid&#8221; angled_section=&#8221;no&#8221; text_align=&#8221;left&#8221; background_image_as_pattern=&#8221;without_pattern&#8221; css=&#8221;.vc_custom_1706810967100{padding-top: 50px !important;padding-bottom: 50px !important;}&#8221; z_index=&#8221;&#8221;][vc_column][vc_column_text css=&#8221;&#8221;] Rozwi\u0105zywanie problem\u00f3w HIZERO F600 [\/vc_column_text][vc_separator type=&#8221;normal&#8221; color=&#8221;#707070&#8243; thickness=&#8221;2&#8243;][vc_accordion active_tab=&#8221;1&#8243; collapsible=&#8221;yes&#8221; style=&#8221;accordion&#8221;][vc_accordion_tab title=&#8221;Woda wycieka na pod\u0142og\u0119 z g\u0142owicy czyszcz\u0105cej podczas ruchu do przodu&#8221;][vc_column_text css=&#8221;&#8221;]Najbardziej prawdopodobn\u0105 przyczyn\u0105 tego problemu jest nieprawid\u0142owe zamontowanie&#8230;<\/p>\n","protected":false},"author":1,"featured_media":0,"parent":0,"menu_order":0,"comment_status":"closed","ping_status":"closed","template":"","meta":{"footnotes":""},"class_list":["post-360","page","type-page","status-publish","hentry"],"_links":{"self":[{"href":"https:\/\/sternadeutschland.de\/pl\/wp-json\/wp\/v2\/pages\/360","targetHints":{"allow":["GET"]}}],"collection":[{"href":"https:\/\/sternadeutschland.de\/pl\/wp-json\/wp\/v2\/pages"}],"about":[{"href":"https:\/\/sternadeutschland.de\/pl\/wp-json\/wp\/v2\/types\/page"}],"author":[{"embeddable":true,"href":"https:\/\/sternadeutschland.de\/pl\/wp-json\/wp\/v2\/users\/1"}],"replies":[{"embeddable":true,"href":"https:\/\/sternadeutschland.de\/pl\/wp-json\/wp\/v2\/comments?post=360"}],"version-history":[{"count":3,"href":"https:\/\/sternadeutschland.de\/pl\/wp-json\/wp\/v2\/pages\/360\/revisions"}],"predecessor-version":[{"id":364,"href":"https:\/\/sternadeutschland.de\/pl\/wp-json\/wp\/v2\/pages\/360\/revisions\/364"}],"wp:attachment":[{"href":"https:\/\/sternadeutschland.de\/pl\/wp-json\/wp\/v2\/media?parent=360"}],"curies":[{"name":"wp","href":"https:\/\/api.w.org\/{rel}","templated":true}]}}