{"id":354,"date":"2025-12-07T16:45:38","date_gmt":"2025-12-07T15:45:38","guid":{"rendered":"https:\/\/sternadeutschland.de\/?page_id=354"},"modified":"2026-01-02T17:54:45","modified_gmt":"2026-01-02T16:54:45","slug":"klauzula","status":"publish","type":"page","link":"https:\/\/sternadeutschland.de\/pl\/klauzula\/","title":{"rendered":"Klauzula informacyjna"},"content":{"rendered":"<div class=\"wpb-content-wrapper\"><p>[vc_row css_animation=&#8221;&#8221; row_type=&#8221;row&#8221; use_row_as_full_screen_section=&#8221;no&#8221; type=&#8221;grid&#8221; angled_section=&#8221;no&#8221; text_align=&#8221;left&#8221; background_image_as_pattern=&#8221;without_pattern&#8221; z_index=&#8221;&#8221; css=&#8221;.vc_custom_1707031495572{padding-top: 50px !important;padding-bottom: 50px !important;}&#8221;][vc_column][vc_column_text]<\/p>\n<h1 style=\"text-align: left;\">Klauzula informacyjna<\/h1>\n<p>[\/vc_column_text][vc_separator type=&#8221;normal&#8221; thickness=&#8221;2&#8243; color=&#8221;#707070&#8243;][vc_separator type=&#8221;transparent&#8221; thickness=&#8221;15&#8243;][vc_column_text css=&#8221;&#8221;]Sterna Deutschland GmbH, Meinekestr. 27, 10719 Berlin, jako administrator danych osobowych, informuje Pana\/Pani\u0105, \u017ce:[\/vc_column_text][vc_separator type=&#8221;transparent&#8221; thickness=&#8221;15&#8243;][vc_column_text css=&#8221;&#8221;]<\/p>\n<ul style=\"padding-left: 15px;\">\n<li>Pana\/Pani dane osobowe b\u0119d\u0105 przetwarzane w celach zwi\u0105zanych: z przygotowaniem prezentacji urz\u0105dzenia Hizero lub rozstrzygni\u0119ciem mo\u017cliwo\u015bci zawarcia z Pani\u0105\/Panem umowy o wsp\u00f3\u0142prac\u0119 lub w celu realizacji zakupu towaru i jego dostarczenia lub w przypadku zg\u0142oszenia serwisowego jego realizacja.<\/li>\n<li>Pana\/Pani dane osobowe b\u0119d\u0105 udost\u0119pniane podmiotom realizuj\u0105cym obs\u0142ug\u0119 p\u0142atno\u015bci, podmiotom, kt\u00f3re zapewniaj\u0105 wsparcie oraz dzia\u0142anie naszych narz\u0119dzi i system\u00f3w teleinformatycznych, realizuj\u0105 przesy\u0142ki oraz zapewniaj\u0105 bie\u017c\u0105c\u0105 obs\u0142ug\u0119 prawn\u0105, firmie odpowiedzialnej za drukowanie materia\u0142\u00f3w z kt\u00f3rych korzystamy oraz odpowiedzialnej za niszczenie dokumentacji,<\/li>\n<li>podanie danych jest dobrowolne, ale niezb\u0119dne dla realizacji w\/w cel\u00f3w<\/li>\n<li>podane dane b\u0119d\u0105 przetwarzane na podstawie art. 6 ust. 1 lit. b) oraz c) oraz zgodnie z tre\u015bci\u0105 og\u00f3lnego rozporz\u0105dzenia o ochronie danych osobowych,<\/li>\n<li>posiada Pana\/Pani prawo dost\u0119pu do tre\u015bci swoich danych, prawo do ich sprostowania, usuni\u0119cia, ograniczenia przetwarzania, prawo do przenoszenia danych<\/li>\n<li>dane osobowe b\u0119d\u0105 przechowywane do czasu realizacji umowy i przedawnienia roszcze\u0144 z niej wynikaj\u0105cych oraz do czasu wype\u0142nienia obowi\u0105zk\u00f3w wynikaj\u0105cych z przepis\u00f3w podatkowych i rachunkowych,<\/li>\n<li>ma Pana\/Pani prawo wniesienia skargi do organu nadzorczego gdy uzna Pan\/Pani, \u017ce przetwarzanie danych osobowych Pani\/Pana dotycz\u0105cych narusza przepisy og\u00f3lnego rozporz\u0105dzenia o ochronie danych osobowych,<\/li>\n<li>mo\u017ce Pan\/Pani skontaktowa\u0107 si\u0119 z Sterna Deutschland GmbH, Meinekestr. 27, 10719 Berlin w sprawie ochrony danych pod adresem: <a href=\"mailto:office@sternadeutschland.de\">office@sternadeutschland.de<\/a><\/li>\n<\/ul>\n<p>[\/vc_column_text][\/vc_column][\/vc_row]<\/p>\n<\/div>","protected":false},"excerpt":{"rendered":"<p>[vc_row css_animation=&#8221;&#8221; row_type=&#8221;row&#8221; use_row_as_full_screen_section=&#8221;no&#8221; type=&#8221;grid&#8221; angled_section=&#8221;no&#8221; text_align=&#8221;left&#8221; background_image_as_pattern=&#8221;without_pattern&#8221; z_index=&#8221;&#8221; css=&#8221;.vc_custom_1707031495572{padding-top: 50px !important;padding-bottom: 50px !important;}&#8221;][vc_column][vc_column_text] Klauzula informacyjna [\/vc_column_text][vc_separator type=&#8221;normal&#8221; thickness=&#8221;2&#8243; color=&#8221;#707070&#8243;][vc_separator type=&#8221;transparent&#8221; thickness=&#8221;15&#8243;][vc_column_text css=&#8221;&#8221;]Sterna Deutschland GmbH, Meinekestr. 27, 10719 Berlin, jako administrator danych osobowych, informuje Pana\/Pani\u0105, \u017ce:[\/vc_column_text][vc_separator type=&#8221;transparent&#8221; thickness=&#8221;15&#8243;][vc_column_text css=&#8221;&#8221;] Pana\/Pani dane osobowe b\u0119d\u0105 przetwarzane w&#8230;<\/p>\n","protected":false},"author":1,"featured_media":0,"parent":0,"menu_order":0,"comment_status":"closed","ping_status":"closed","template":"","meta":{"footnotes":""},"class_list":["post-354","page","type-page","status-publish","hentry"],"_links":{"self":[{"href":"https:\/\/sternadeutschland.de\/pl\/wp-json\/wp\/v2\/pages\/354","targetHints":{"allow":["GET"]}}],"collection":[{"href":"https:\/\/sternadeutschland.de\/pl\/wp-json\/wp\/v2\/pages"}],"about":[{"href":"https:\/\/sternadeutschland.de\/pl\/wp-json\/wp\/v2\/types\/page"}],"author":[{"embeddable":true,"href":"https:\/\/sternadeutschland.de\/pl\/wp-json\/wp\/v2\/users\/1"}],"replies":[{"embeddable":true,"href":"https:\/\/sternadeutschland.de\/pl\/wp-json\/wp\/v2\/comments?post=354"}],"version-history":[{"count":3,"href":"https:\/\/sternadeutschland.de\/pl\/wp-json\/wp\/v2\/pages\/354\/revisions"}],"predecessor-version":[{"id":357,"href":"https:\/\/sternadeutschland.de\/pl\/wp-json\/wp\/v2\/pages\/354\/revisions\/357"}],"wp:attachment":[{"href":"https:\/\/sternadeutschland.de\/pl\/wp-json\/wp\/v2\/media?parent=354"}],"curies":[{"name":"wp","href":"https:\/\/api.w.org\/{rel}","templated":true}]}}