{"id":349,"date":"2025-12-07T16:35:32","date_gmt":"2025-12-07T15:35:32","guid":{"rendered":"https:\/\/sternadeutschland.de\/?page_id=349"},"modified":"2026-01-06T18:43:31","modified_gmt":"2026-01-06T17:43:31","slug":"gdzie-kupic","status":"publish","type":"page","link":"https:\/\/sternadeutschland.de\/pl\/gdzie-kupic\/","title":{"rendered":"Gdzie kupi\u0107"},"content":{"rendered":"<div class=\"wpb-content-wrapper\"><p>[vc_row css_animation=&#8221;&#8221; row_type=&#8221;row&#8221; use_row_as_full_screen_section=&#8221;no&#8221; type=&#8221;grid&#8221; angled_section=&#8221;no&#8221; text_align=&#8221;left&#8221; background_image_as_pattern=&#8221;without_pattern&#8221; z_index=&#8221;&#8221;][vc_column width=&#8221;1\/4&#8243;][\/vc_column][vc_column width=&#8221;1\/2&#8243;][vc_column_text css=&#8221;&#8221;]<\/p>\n<h2 style=\"text-align: left;\">Formularz kontaktowy<\/h2>\n<p>[\/vc_column_text][vc_separator type=&#8221;transparent&#8221; thickness=&#8221;10&#8243;][vc_column_text css=&#8221;&#8221;]Jeste\u015b zainteresowany\/zainteresowana zakupem urz\u0105dzenia Hizero? Oraz chcia\u0142by\u015b\/chcia\u0142aby\u015b um\u00f3wi\u0107 si\u0119 na prezentacje? Prze\u015blij swoje zg\u0142oszenie, a my lub nasz Przedstawiciel skontaktuje si\u0119 z tob\u0105.[\/vc_column_text][vc_separator type=&#8221;normal&#8221; up=&#8221;15&#8243;][vc_separator type=&#8221;transparent&#8221; thickness=&#8221;10&#8243;][vc_raw_html css=&#8221;&#8221;]JTVCY29udGFjdC1mb3JtLTclMjBpZCUzRCUyMmYwZTljYmMlMjIlMjB0aXRsZSUzRCUyMkdkemllJTIwa3VwaSVDNCU4NyUyMiU1RA==[\/vc_raw_html][\/vc_column][vc_column width=&#8221;1\/4&#8243;][\/vc_column][\/vc_row]<\/p>\n<\/div>","protected":false},"excerpt":{"rendered":"<p>[vc_row css_animation=&#8221;&#8221; row_type=&#8221;row&#8221; use_row_as_full_screen_section=&#8221;no&#8221; type=&#8221;grid&#8221; angled_section=&#8221;no&#8221; text_align=&#8221;left&#8221; background_image_as_pattern=&#8221;without_pattern&#8221; z_index=&#8221;&#8221;][vc_column width=&#8221;1\/4&#8243;][\/vc_column][vc_column width=&#8221;1\/2&#8243;][vc_column_text css=&#8221;&#8221;] Formularz kontaktowy [\/vc_column_text][vc_separator type=&#8221;transparent&#8221; thickness=&#8221;10&#8243;][vc_column_text css=&#8221;&#8221;]Jeste\u015b zainteresowany\/zainteresowana zakupem urz\u0105dzenia Hizero? Oraz chcia\u0142by\u015b\/chcia\u0142aby\u015b um\u00f3wi\u0107 si\u0119 na prezentacje? Prze\u015blij swoje zg\u0142oszenie, a my lub nasz Przedstawiciel skontaktuje si\u0119 z tob\u0105.[\/vc_column_text][vc_separator type=&#8221;normal&#8221; up=&#8221;15&#8243;][vc_separator type=&#8221;transparent&#8221; thickness=&#8221;10&#8243;][vc_raw_html css=&#8221;&#8221;]JTVCY29udGFjdC1mb3JtLTclMjBpZCUzRCUyMmYwZTljYmMlMjIlMjB0aXRsZSUzRCUyMkdkemllJTIwa3VwaSVDNCU4NyUyMiU1RA==[\/vc_raw_html][\/vc_column][vc_column&#8230;<\/p>\n","protected":false},"author":1,"featured_media":0,"parent":0,"menu_order":0,"comment_status":"closed","ping_status":"closed","template":"","meta":{"footnotes":""},"class_list":["post-349","page","type-page","status-publish","hentry"],"_links":{"self":[{"href":"https:\/\/sternadeutschland.de\/pl\/wp-json\/wp\/v2\/pages\/349","targetHints":{"allow":["GET"]}}],"collection":[{"href":"https:\/\/sternadeutschland.de\/pl\/wp-json\/wp\/v2\/pages"}],"about":[{"href":"https:\/\/sternadeutschland.de\/pl\/wp-json\/wp\/v2\/types\/page"}],"author":[{"embeddable":true,"href":"https:\/\/sternadeutschland.de\/pl\/wp-json\/wp\/v2\/users\/1"}],"replies":[{"embeddable":true,"href":"https:\/\/sternadeutschland.de\/pl\/wp-json\/wp\/v2\/comments?post=349"}],"version-history":[{"count":3,"href":"https:\/\/sternadeutschland.de\/pl\/wp-json\/wp\/v2\/pages\/349\/revisions"}],"predecessor-version":[{"id":868,"href":"https:\/\/sternadeutschland.de\/pl\/wp-json\/wp\/v2\/pages\/349\/revisions\/868"}],"wp:attachment":[{"href":"https:\/\/sternadeutschland.de\/pl\/wp-json\/wp\/v2\/media?parent=349"}],"curies":[{"name":"wp","href":"https:\/\/api.w.org\/{rel}","templated":true}]}}