{"id":339,"date":"2025-12-05T12:16:53","date_gmt":"2025-12-05T11:16:53","guid":{"rendered":"https:\/\/sternadeutschland.de\/?page_id=339"},"modified":"2026-01-06T18:46:26","modified_gmt":"2026-01-06T17:46:26","slug":"wspolpraca","status":"publish","type":"page","link":"https:\/\/sternadeutschland.de\/pl\/wspolpraca\/","title":{"rendered":"Wsp\u00f3\u0142praca"},"content":{"rendered":"<div class=\"wpb-content-wrapper\"><p>[vc_row css_animation=&#8221;&#8221; row_type=&#8221;row&#8221; use_row_as_full_screen_section=&#8221;no&#8221; type=&#8221;grid&#8221; angled_section=&#8221;no&#8221; text_align=&#8221;left&#8221; background_image_as_pattern=&#8221;without_pattern&#8221; z_index=&#8221;&#8221;][vc_column width=&#8221;1\/4&#8243;][\/vc_column][vc_column width=&#8221;1\/2&#8243;][vc_column_text css=&#8221;&#8221;]<\/p>\n<h2 style=\"text-align: left;\">Formularz kontaktowy<\/h2>\n<p>[\/vc_column_text][vc_separator type=&#8221;transparent&#8221; thickness=&#8221;10&#8243;][vc_column_text]Chcesz nawi\u0105za\u0107 z nami wsp\u00f3\u0142prac\u0119 prze\u015blij swoje zg\u0142oszenie a my skontaktujemy si\u0119 z Tob\u0105.[\/vc_column_text][vc_separator type=&#8221;normal&#8221; up=&#8221;15&#8243;][vc_separator type=&#8221;transparent&#8221; thickness=&#8221;10&#8243;][vc_raw_html css=&#8221;&#8221;]JTVCY29udGFjdC1mb3JtLTclMjBpZCUzRCUyMmNkZTUzYzIlMjIlMjB0aXRsZSUzRCUyMldzcCVDMyVCMyVDNSU4MnByYWNhJTIyJTVE[\/vc_raw_html][\/vc_column][vc_column width=&#8221;1\/4&#8243;][\/vc_column][\/vc_row]<\/p>\n<\/div>","protected":false},"excerpt":{"rendered":"<p>[vc_row css_animation=&#8221;&#8221; row_type=&#8221;row&#8221; use_row_as_full_screen_section=&#8221;no&#8221; type=&#8221;grid&#8221; angled_section=&#8221;no&#8221; text_align=&#8221;left&#8221; background_image_as_pattern=&#8221;without_pattern&#8221; z_index=&#8221;&#8221;][vc_column width=&#8221;1\/4&#8243;][\/vc_column][vc_column width=&#8221;1\/2&#8243;][vc_column_text css=&#8221;&#8221;] Formularz kontaktowy [\/vc_column_text][vc_separator type=&#8221;transparent&#8221; thickness=&#8221;10&#8243;][vc_column_text]Chcesz nawi\u0105za\u0107 z nami wsp\u00f3\u0142prac\u0119 prze\u015blij swoje zg\u0142oszenie a my skontaktujemy si\u0119 z Tob\u0105.[\/vc_column_text][vc_separator type=&#8221;normal&#8221; up=&#8221;15&#8243;][vc_separator type=&#8221;transparent&#8221; thickness=&#8221;10&#8243;][vc_raw_html css=&#8221;&#8221;]JTVCY29udGFjdC1mb3JtLTclMjBpZCUzRCUyMmNkZTUzYzIlMjIlMjB0aXRsZSUzRCUyMldzcCVDMyVCMyVDNSU4MnByYWNhJTIyJTVE[\/vc_raw_html][\/vc_column][vc_column width=&#8221;1\/4&#8243;][\/vc_column][\/vc_row]<\/p>\n","protected":false},"author":1,"featured_media":0,"parent":0,"menu_order":0,"comment_status":"closed","ping_status":"closed","template":"","meta":{"footnotes":""},"class_list":["post-339","page","type-page","status-publish","hentry"],"_links":{"self":[{"href":"https:\/\/sternadeutschland.de\/pl\/wp-json\/wp\/v2\/pages\/339","targetHints":{"allow":["GET"]}}],"collection":[{"href":"https:\/\/sternadeutschland.de\/pl\/wp-json\/wp\/v2\/pages"}],"about":[{"href":"https:\/\/sternadeutschland.de\/pl\/wp-json\/wp\/v2\/types\/page"}],"author":[{"embeddable":true,"href":"https:\/\/sternadeutschland.de\/pl\/wp-json\/wp\/v2\/users\/1"}],"replies":[{"embeddable":true,"href":"https:\/\/sternadeutschland.de\/pl\/wp-json\/wp\/v2\/comments?post=339"}],"version-history":[{"count":7,"href":"https:\/\/sternadeutschland.de\/pl\/wp-json\/wp\/v2\/pages\/339\/revisions"}],"predecessor-version":[{"id":869,"href":"https:\/\/sternadeutschland.de\/pl\/wp-json\/wp\/v2\/pages\/339\/revisions\/869"}],"wp:attachment":[{"href":"https:\/\/sternadeutschland.de\/pl\/wp-json\/wp\/v2\/media?parent=339"}],"curies":[{"name":"wp","href":"https:\/\/api.w.org\/{rel}","templated":true}]}}