{"id":262,"date":"2018-03-30T07:26:56","date_gmt":"2018-03-30T07:26:56","guid":{"rendered":"http:\/\/bridge198.qodeinteractive.com\/?page_id=119"},"modified":"2025-12-08T20:27:25","modified_gmt":"2025-12-08T19:27:25","slug":"o-nas","status":"publish","type":"page","link":"https:\/\/sternadeutschland.de\/pl\/o-nas\/","title":{"rendered":"O nas"},"content":{"rendered":"<div class=\"wpb-content-wrapper\"><p>[vc_row css_animation=&#8221;&#8221; row_type=&#8221;row&#8221; use_row_as_full_screen_section=&#8221;no&#8221; type=&#8221;full_width&#8221; angled_section=&#8221;no&#8221; text_align=&#8221;left&#8221; background_image_as_pattern=&#8221;without_pattern&#8221; css=&#8221;.vc_custom_1764932370110{padding-top: 50px !important;padding-bottom: 50px !important;}&#8221; z_index=&#8221;&#8221;][vc_column][vc_column_text css=&#8221;&#8221;]<\/p>\n<h2 style=\"text-align: center;\">HIZERO<br \/>\nNowoczesne Mycie pod\u0142\u00f3g<\/h2>\n<p>[\/vc_column_text][\/vc_column][\/vc_row][vc_row css_animation=&#8221;&#8221; row_type=&#8221;row&#8221; use_row_as_full_screen_section=&#8221;no&#8221; type=&#8221;grid&#8221; angled_section=&#8221;no&#8221; text_align=&#8221;center&#8221; background_image_as_pattern=&#8221;without_pattern&#8221; z_index=&#8221;&#8221; css=&#8221;.vc_custom_1764932381749{padding-bottom: 100px !important;}&#8221;][vc_column][vc_column_text]<strong>HIZERO<\/strong>\u00a0Technologies CO., LTD zosta\u0142o za\u0142o\u017cone w 2013 roku od pocz\u0105tku specjalizuje si\u0119 w innowacyjnej bionicznej technologii czyszczenia.<\/p>\n<p class=\"p1\">Zainspirowani natur\u0105, stworzyli\u015bmy pierwszy na \u015bwiecie produkt do automatycznego czyszczenia pod\u0142ogi.\u00a0<strong>HIZERO<\/strong>\u00a0\u0142\u0105czy funkcj\u0119 zamiatania, mycia oraz wycieranie do sucha czyszczonej powierzchni.<\/p>\n<p>[\/vc_column_text][vc_separator type=&#8221;transparent&#8221; thickness=&#8221;15&#8243; up=&#8221;0&#8243; down=&#8221;0&#8243;][vc_column_text]Firma za\u0142o\u017cona zosta\u0142a przez grup\u0119 in\u017cynier\u00f3w pasjonat\u00f3w d\u0105\u017c\u0105cych do osi\u0105gni\u0119cia doskona\u0142ej r\u00f3wnowagi pomi\u0119dzy estetyk\u0105, funkcjonalno\u015bci\u0105 i komfortem u\u017cytkowania. Poznaj technologi\u0119\u00a0<strong>HIZERO<\/strong>\u00a0i zacznij \u017cy\u0107 wygodnie![\/vc_column_text][vc_separator type=&#8221;transparent&#8221; thickness=&#8221;15&#8243; up=&#8221;0&#8243; down=&#8221;0&#8243;][vc_column_text css=&#8221;&#8221;]Wy\u0142\u0105cznym ambasadorem marki HIZERO w Niemczech jest firma <strong>Sterna Deutschland GmbH<\/strong> z siedzib\u0105 w <strong>Berlinie<\/strong>.<\/p>\n<p>Wypr\u00f3buj<strong>\u00a0HIZERO Bionic Mop<\/strong>\u00a0i poczuj komfort mycia pod\u0142\u00f3g![\/vc_column_text][vc_separator type=&#8221;transparent&#8221; thickness=&#8221;15&#8243; up=&#8221;0&#8243; down=&#8221;0&#8243;][vc_column_text]Wbrew pozorom sprz\u0105tanie wcale nie musi byd nu\u017c\u0105cym, m\u0119cz\u0105cym i czasoch\u0142onnym procesem. Jednak, aby tak si\u0119 sta\u0142o, nale\u017cy zapomnie\u0107 o\u00a0przestarza\u0142ych i nierzadko ma\u0142o efektywnych metodach czyszczenia powierzchni. Mycie pod\u0142\u00f3g wielu osobom sp\u0119dza sen z powiek, jednak mo\u017ce by\u0107 naprawd\u0119 szybkie, przyjemne, a przede wszystkim skuteczne. Tradycyjne akcesoria nale\u017cy w tym celu zast\u0105pi\u0107 nowatorskim sprz\u0119tem stworzonym w\u00a0oparciu o aktualne trendy, jak r\u00f3wnie\u017c obserwacj\u0119 potrzeb oraz oczekiwa\u0144 nawet najbardziej wymagaj\u0105cych os\u00f3b.[\/vc_column_text][vc_separator type=&#8221;transparent&#8221; thickness=&#8221;15&#8243; up=&#8221;0&#8243; down=&#8221;0&#8243;][vc_column_text]<\/p>\n<p class=\"p1\">Nowoczesny mop Hizero to wielofunkcyjne narz\u0119dzie przeznaczone do sprz\u0105tania, kt\u00f3re jest w stanie pozamiata\u0107, umy\u0107 pod\u0142og\u0119, wytrze\u0107 j\u0105 do sucha, a\u00a0nast\u0119pnie wyczy\u015bci si\u0119. Doskonale zdajemy sobie spraw\u0119, jak wiele trudno\u015bci sprawia dok\u0142adne wyczyszczenie posadzki, aby l\u015bni\u0142a i zachwyca\u0142a czysto\u015bci\u0105. W\u0142a\u015bnie dlatego zaprojektowali\u015bmy innowacyjny sprz\u0119t do mycia pod\u0142\u00f3g, kt\u00f3ry nie tylko usprawni wykonywanie codziennych prac w domach prywatnych oraz lokalach u\u017cytkowych, ale tak\u017ce zapewni znacznie lepsze efekty. Mycie pod\u0142\u00f3g, kt\u00f3re zapewni nowoczesny mop, b\u0119dzie przebiega\u0142 szybko oraz sprawnie, za ka\u017cdym razem zaskakuj\u0105c w pozytywny spos\u00f3b.<\/p>\n<p>[\/vc_column_text][vc_separator type=&#8221;transparent&#8221; thickness=&#8221;15&#8243; up=&#8221;0&#8243; down=&#8221;0&#8243;][vc_column_text]<\/p>\n<p class=\"p1\">Urz\u0105dzenie do mycia pod\u0142\u00f3g b\u0142yskawicznie czy\u015bci sprz\u0105tane powierzchnie, usuwa wszelkie zanieczyszczenia, a tak\u017ce doskonale absorbuje brud. Hizero to produkt, kt\u00f3ry zosta\u0142 wyposa\u017cony w specjalne zabezpieczenia chroni\u0105ce przed powstaniem spi\u0119cia czy przegrzaniem si\u0119. Inteligentny monitoring poziomu wody, \u0142atwo\u015b\u0107 i komfort u\u017cytkowania oraz efektowny design to tylko niekt\u00f3re atuty sprz\u0119tu umo\u017cliwiaj\u0105cego nowoczesne mycie pod\u0142\u00f3g. Zach\u0119camy osoby zainteresowane przygotowan\u0105 przez nas ofert\u0105 do poznania bli\u017cej mo\u017cliwo\u015bci mopa Hizero.<\/p>\n<p>[\/vc_column_text][\/vc_column][\/vc_row]<\/p>\n<\/div>","protected":false},"excerpt":{"rendered":"<p>[vc_row css_animation=&#8221;&#8221; row_type=&#8221;row&#8221; use_row_as_full_screen_section=&#8221;no&#8221; type=&#8221;full_width&#8221; angled_section=&#8221;no&#8221; text_align=&#8221;left&#8221; background_image_as_pattern=&#8221;without_pattern&#8221; css=&#8221;.vc_custom_1764932370110{padding-top: 50px !important;padding-bottom: 50px !important;}&#8221; z_index=&#8221;&#8221;][vc_column][vc_column_text css=&#8221;&#8221;] HIZERO Nowoczesne Mycie pod\u0142\u00f3g [\/vc_column_text][\/vc_column][\/vc_row][vc_row css_animation=&#8221;&#8221; row_type=&#8221;row&#8221; use_row_as_full_screen_section=&#8221;no&#8221; type=&#8221;grid&#8221; angled_section=&#8221;no&#8221; text_align=&#8221;center&#8221; background_image_as_pattern=&#8221;without_pattern&#8221; z_index=&#8221;&#8221; css=&#8221;.vc_custom_1764932381749{padding-bottom: 100px !important;}&#8221;][vc_column][vc_column_text]HIZERO\u00a0Technologies CO., LTD zosta\u0142o za\u0142o\u017cone w 2013 roku od pocz\u0105tku specjalizuje si\u0119 w innowacyjnej bionicznej&#8230;<\/p>\n","protected":false},"author":1,"featured_media":0,"parent":0,"menu_order":0,"comment_status":"closed","ping_status":"closed","template":"full_width.php","meta":{"footnotes":""},"class_list":["post-262","page","type-page","status-publish","hentry"],"_links":{"self":[{"href":"https:\/\/sternadeutschland.de\/pl\/wp-json\/wp\/v2\/pages\/262","targetHints":{"allow":["GET"]}}],"collection":[{"href":"https:\/\/sternadeutschland.de\/pl\/wp-json\/wp\/v2\/pages"}],"about":[{"href":"https:\/\/sternadeutschland.de\/pl\/wp-json\/wp\/v2\/types\/page"}],"author":[{"embeddable":true,"href":"https:\/\/sternadeutschland.de\/pl\/wp-json\/wp\/v2\/users\/1"}],"replies":[{"embeddable":true,"href":"https:\/\/sternadeutschland.de\/pl\/wp-json\/wp\/v2\/comments?post=262"}],"version-history":[{"count":5,"href":"https:\/\/sternadeutschland.de\/pl\/wp-json\/wp\/v2\/pages\/262\/revisions"}],"predecessor-version":[{"id":462,"href":"https:\/\/sternadeutschland.de\/pl\/wp-json\/wp\/v2\/pages\/262\/revisions\/462"}],"wp:attachment":[{"href":"https:\/\/sternadeutschland.de\/pl\/wp-json\/wp\/v2\/media?parent=262"}],"curies":[{"name":"wp","href":"https:\/\/api.w.org\/{rel}","templated":true}]}}